{"id":67982,"date":"2025-08-07T13:58:32","date_gmt":"2025-08-07T13:58:32","guid":{"rendered":"https:\/\/urboowfb.com\/index.php\/produto\/tacoma-twin\/"},"modified":"2026-03-23T17:27:36","modified_gmt":"2026-03-23T17:27:36","slug":"tacoma-twin","status":"publish","type":"product","link":"https:\/\/urboowhome.com\/index.php\/produto\/tacoma-twin\/","title":{"rendered":"Tacoma Twin"},"content":{"rendered":"","protected":false},"excerpt":{"rendered":"<p>Est\u00e1 a ver a nossa lumin\u00e1ria de parede Tacoma Twin. Os tons compat\u00edveis dispon\u00edveis s\u00e3o vendidos separadamente e podem ser adicionados abaixo utilizando o nosso seletor de tons.<\/p>\n","protected":false},"featured_media":67981,"comment_status":"open","ping_status":"closed","template":"","meta":[],"product_brand":[],"product_cat":[137],"product_tag":[],"class_list":{"0":"post-67982","1":"product","2":"type-product","3":"status-publish","4":"has-post-thumbnail","6":"product_cat-casa-de-banho","9":"first","10":"instock","11":"featured","12":"shipping-taxable","13":"purchasable","14":"product-type-simple"},"_links":{"self":[{"href":"https:\/\/urboowhome.com\/index.php\/wp-json\/wp\/v2\/product\/67982","targetHints":{"allow":["GET"]}}],"collection":[{"href":"https:\/\/urboowhome.com\/index.php\/wp-json\/wp\/v2\/product"}],"about":[{"href":"https:\/\/urboowhome.com\/index.php\/wp-json\/wp\/v2\/types\/product"}],"replies":[{"embeddable":true,"href":"https:\/\/urboowhome.com\/index.php\/wp-json\/wp\/v2\/comments?post=67982"}],"wp:featuredmedia":[{"embeddable":true,"href":"https:\/\/urboowhome.com\/index.php\/wp-json\/wp\/v2\/media\/67981"}],"wp:attachment":[{"href":"https:\/\/urboowhome.com\/index.php\/wp-json\/wp\/v2\/media?parent=67982"}],"wp:term":[{"taxonomy":"product_brand","embeddable":true,"href":"https:\/\/urboowhome.com\/index.php\/wp-json\/wp\/v2\/product_brand?post=67982"},{"taxonomy":"product_cat","embeddable":true,"href":"https:\/\/urboowhome.com\/index.php\/wp-json\/wp\/v2\/product_cat?post=67982"},{"taxonomy":"product_tag","embeddable":true,"href":"https:\/\/urboowhome.com\/index.php\/wp-json\/wp\/v2\/product_tag?post=67982"}],"curies":[{"name":"wp","href":"https:\/\/api.w.org\/{rel}","templated":true}]}}