{"id":68025,"date":"2025-08-07T13:59:44","date_gmt":"2025-08-07T13:59:44","guid":{"rendered":"https:\/\/urboowfb.com\/index.php\/produto\/canto-2-2\/"},"modified":"2026-03-23T17:27:37","modified_gmt":"2026-03-23T17:27:37","slug":"canto-2-2","status":"publish","type":"product","link":"https:\/\/urboowhome.com\/index.php\/produto\/canto-2-2\/","title":{"rendered":"Canto 2"},"content":{"rendered":"","protected":false},"excerpt":{"rendered":"<p>Quer o Canto 2.0 seja colocado em ambientes interiores ou exteriores, este oferece uma experi\u00eancia de ilumina\u00e7\u00e3o \u00fanica.<br \/>\nO design minimalista torna o candeeiro decorativo e escultural.<br \/>\nA luz flui para cima e para baixo e com tr\u00eas padr\u00f5es inclu\u00eddos. \u00c9 poss\u00edvel alterar a difus\u00e3o da luz de acordo com o desejo e estilo pessoal.<\/p>\n","protected":false},"featured_media":68024,"comment_status":"open","ping_status":"closed","template":"","meta":[],"product_brand":[],"product_cat":[120],"product_tag":[],"class_list":{"0":"post-68025","1":"product","2":"type-product","3":"status-publish","4":"has-post-thumbnail","6":"product_cat-parede-exterior","9":"first","10":"instock","11":"featured","12":"shipping-taxable","13":"purchasable","14":"product-type-simple"},"_links":{"self":[{"href":"https:\/\/urboowhome.com\/index.php\/wp-json\/wp\/v2\/product\/68025","targetHints":{"allow":["GET"]}}],"collection":[{"href":"https:\/\/urboowhome.com\/index.php\/wp-json\/wp\/v2\/product"}],"about":[{"href":"https:\/\/urboowhome.com\/index.php\/wp-json\/wp\/v2\/types\/product"}],"replies":[{"embeddable":true,"href":"https:\/\/urboowhome.com\/index.php\/wp-json\/wp\/v2\/comments?post=68025"}],"wp:featuredmedia":[{"embeddable":true,"href":"https:\/\/urboowhome.com\/index.php\/wp-json\/wp\/v2\/media\/68024"}],"wp:attachment":[{"href":"https:\/\/urboowhome.com\/index.php\/wp-json\/wp\/v2\/media?parent=68025"}],"wp:term":[{"taxonomy":"product_brand","embeddable":true,"href":"https:\/\/urboowhome.com\/index.php\/wp-json\/wp\/v2\/product_brand?post=68025"},{"taxonomy":"product_cat","embeddable":true,"href":"https:\/\/urboowhome.com\/index.php\/wp-json\/wp\/v2\/product_cat?post=68025"},{"taxonomy":"product_tag","embeddable":true,"href":"https:\/\/urboowhome.com\/index.php\/wp-json\/wp\/v2\/product_tag?post=68025"}],"curies":[{"name":"wp","href":"https:\/\/api.w.org\/{rel}","templated":true}]}}