{"id":68038,"date":"2025-08-07T14:00:11","date_gmt":"2025-08-07T14:00:11","guid":{"rendered":"https:\/\/urboowfb.com\/index.php\/produto\/konit\/"},"modified":"2026-03-23T17:27:37","modified_gmt":"2026-03-23T17:27:37","slug":"konit","status":"publish","type":"product","link":"https:\/\/urboowhome.com\/index.php\/produto\/konit\/","title":{"rendered":"Konit"},"content":{"rendered":"","protected":false},"excerpt":{"rendered":"<p>O Konit tem um design n\u00edtido e geom\u00e9trico com um abajur triangular que difunde elegantemente a luz para baixo. A linguagem de design \u00e9 moderna e \u00fanica, tornando este candeeiro de exterior interessante de ver de todos os \u00e2ngulos.<\/p>\n","protected":false},"featured_media":68037,"comment_status":"open","ping_status":"closed","template":"","meta":[],"product_brand":[],"product_cat":[120],"product_tag":[],"class_list":{"0":"post-68038","1":"product","2":"type-product","3":"status-publish","4":"has-post-thumbnail","6":"product_cat-parede-exterior","9":"first","10":"instock","11":"featured","12":"shipping-taxable","13":"purchasable","14":"product-type-simple"},"_links":{"self":[{"href":"https:\/\/urboowhome.com\/index.php\/wp-json\/wp\/v2\/product\/68038","targetHints":{"allow":["GET"]}}],"collection":[{"href":"https:\/\/urboowhome.com\/index.php\/wp-json\/wp\/v2\/product"}],"about":[{"href":"https:\/\/urboowhome.com\/index.php\/wp-json\/wp\/v2\/types\/product"}],"replies":[{"embeddable":true,"href":"https:\/\/urboowhome.com\/index.php\/wp-json\/wp\/v2\/comments?post=68038"}],"wp:featuredmedia":[{"embeddable":true,"href":"https:\/\/urboowhome.com\/index.php\/wp-json\/wp\/v2\/media\/68037"}],"wp:attachment":[{"href":"https:\/\/urboowhome.com\/index.php\/wp-json\/wp\/v2\/media?parent=68038"}],"wp:term":[{"taxonomy":"product_brand","embeddable":true,"href":"https:\/\/urboowhome.com\/index.php\/wp-json\/wp\/v2\/product_brand?post=68038"},{"taxonomy":"product_cat","embeddable":true,"href":"https:\/\/urboowhome.com\/index.php\/wp-json\/wp\/v2\/product_cat?post=68038"},{"taxonomy":"product_tag","embeddable":true,"href":"https:\/\/urboowhome.com\/index.php\/wp-json\/wp\/v2\/product_tag?post=68038"}],"curies":[{"name":"wp","href":"https:\/\/api.w.org\/{rel}","templated":true}]}}