{"id":68043,"date":"2025-08-07T14:00:22","date_gmt":"2025-08-07T14:00:22","guid":{"rendered":"https:\/\/urboowfb.com\/index.php\/produto\/luxembourg\/"},"modified":"2026-03-23T17:27:37","modified_gmt":"2026-03-23T17:27:37","slug":"luxembourg","status":"publish","type":"product","link":"https:\/\/urboowhome.com\/index.php\/produto\/luxembourg\/","title":{"rendered":"Luxembourg"},"content":{"rendered":"","protected":false},"excerpt":{"rendered":"<p>Este elegante candeeiro de parede da s\u00e9rie Nordlux Luxembourg \u00e9 um candeeiro de parede cl\u00e1ssico para exterior com uma c\u00fapula de vidro para proporcionar uma ilumina\u00e7\u00e3o bonita na sua entrada, na entrada da garagem, na garagem, no terra\u00e7o ou no p\u00e1tio. O candeeiro pode ser ligado em paralelo com v\u00e1rios candeeiros e est\u00e1 equipado com uma l\u00e2mpada LED.<\/p>\n","protected":false},"featured_media":68042,"comment_status":"open","ping_status":"closed","template":"","meta":[],"product_brand":[],"product_cat":[120],"product_tag":[],"class_list":{"0":"post-68043","1":"product","2":"type-product","3":"status-publish","4":"has-post-thumbnail","6":"product_cat-parede-exterior","9":"first","10":"instock","11":"featured","12":"shipping-taxable","13":"purchasable","14":"product-type-simple"},"_links":{"self":[{"href":"https:\/\/urboowhome.com\/index.php\/wp-json\/wp\/v2\/product\/68043","targetHints":{"allow":["GET"]}}],"collection":[{"href":"https:\/\/urboowhome.com\/index.php\/wp-json\/wp\/v2\/product"}],"about":[{"href":"https:\/\/urboowhome.com\/index.php\/wp-json\/wp\/v2\/types\/product"}],"replies":[{"embeddable":true,"href":"https:\/\/urboowhome.com\/index.php\/wp-json\/wp\/v2\/comments?post=68043"}],"wp:featuredmedia":[{"embeddable":true,"href":"https:\/\/urboowhome.com\/index.php\/wp-json\/wp\/v2\/media\/68042"}],"wp:attachment":[{"href":"https:\/\/urboowhome.com\/index.php\/wp-json\/wp\/v2\/media?parent=68043"}],"wp:term":[{"taxonomy":"product_brand","embeddable":true,"href":"https:\/\/urboowhome.com\/index.php\/wp-json\/wp\/v2\/product_brand?post=68043"},{"taxonomy":"product_cat","embeddable":true,"href":"https:\/\/urboowhome.com\/index.php\/wp-json\/wp\/v2\/product_cat?post=68043"},{"taxonomy":"product_tag","embeddable":true,"href":"https:\/\/urboowhome.com\/index.php\/wp-json\/wp\/v2\/product_tag?post=68043"}],"curies":[{"name":"wp","href":"https:\/\/api.w.org\/{rel}","templated":true}]}}