{"id":68049,"date":"2025-08-07T14:00:31","date_gmt":"2025-08-07T14:00:31","guid":{"rendered":"https:\/\/urboowfb.com\/index.php\/produto\/nene\/"},"modified":"2026-03-23T17:27:37","modified_gmt":"2026-03-23T17:27:37","slug":"nene","status":"publish","type":"product","link":"https:\/\/urboowhome.com\/index.php\/produto\/nene\/","title":{"rendered":"Nene"},"content":{"rendered":"","protected":false},"excerpt":{"rendered":"<p>Nene \u00e9 um candeeiro de parede simples e elegante para utiliza\u00e7\u00e3o no exterior, feito de metal lacado. Emite uma luz bonita para cima e para baixo &#8211; ideal para a entrada da garagem ou para a entrada principal. Fornecida com uma l\u00e2mpada LED de baixo consumo e longa dura\u00e7\u00e3o.<\/p>\n","protected":false},"featured_media":68048,"comment_status":"open","ping_status":"closed","template":"","meta":[],"product_brand":[],"product_cat":[120],"product_tag":[],"class_list":{"0":"post-68049","1":"product","2":"type-product","3":"status-publish","4":"has-post-thumbnail","6":"product_cat-parede-exterior","9":"first","10":"instock","11":"featured","12":"shipping-taxable","13":"purchasable","14":"product-type-simple"},"_links":{"self":[{"href":"https:\/\/urboowhome.com\/index.php\/wp-json\/wp\/v2\/product\/68049","targetHints":{"allow":["GET"]}}],"collection":[{"href":"https:\/\/urboowhome.com\/index.php\/wp-json\/wp\/v2\/product"}],"about":[{"href":"https:\/\/urboowhome.com\/index.php\/wp-json\/wp\/v2\/types\/product"}],"replies":[{"embeddable":true,"href":"https:\/\/urboowhome.com\/index.php\/wp-json\/wp\/v2\/comments?post=68049"}],"wp:featuredmedia":[{"embeddable":true,"href":"https:\/\/urboowhome.com\/index.php\/wp-json\/wp\/v2\/media\/68048"}],"wp:attachment":[{"href":"https:\/\/urboowhome.com\/index.php\/wp-json\/wp\/v2\/media?parent=68049"}],"wp:term":[{"taxonomy":"product_brand","embeddable":true,"href":"https:\/\/urboowhome.com\/index.php\/wp-json\/wp\/v2\/product_brand?post=68049"},{"taxonomy":"product_cat","embeddable":true,"href":"https:\/\/urboowhome.com\/index.php\/wp-json\/wp\/v2\/product_cat?post=68049"},{"taxonomy":"product_tag","embeddable":true,"href":"https:\/\/urboowhome.com\/index.php\/wp-json\/wp\/v2\/product_tag?post=68049"}],"curies":[{"name":"wp","href":"https:\/\/api.w.org\/{rel}","templated":true}]}}