{"id":68066,"date":"2025-08-07T14:00:57","date_gmt":"2025-08-07T14:00:57","guid":{"rendered":"https:\/\/urboowfb.com\/index.php\/produto\/gundula-2\/"},"modified":"2026-03-23T17:27:37","modified_gmt":"2026-03-23T17:27:37","slug":"gundula-2","status":"publish","type":"product","link":"https:\/\/urboowhome.com\/index.php\/produto\/gundula-2\/","title":{"rendered":"Gundula"},"content":{"rendered":"","protected":false},"excerpt":{"rendered":"<p>Este elegante candeeiro de exterior da s\u00e9rie GUNDULA \u00e9 fabricado em alum\u00ednio fundido sob press\u00e3o em preto mate, pl\u00e1stico transparente e pl\u00e1stico preto. Est\u00e1 protegido contra salpicos de \u00e1gua e poeira gra\u00e7as ao IP54, tornando-o perfeito para utiliza\u00e7\u00e3o no exterior. As dimens\u00f5es do candeeiro s\u00e3o LxA: 110x228mm e a suspens\u00e3o tem um comprimento de 110mm. O candeeiro de exterior \u00e9 exclusivo de uma l\u00e2mpada E27 LED 15W 230V e oferece, assim, uma ilumina\u00e7\u00e3o econ\u00f3mica e duradoura para o seu espa\u00e7o exterior. Quer seja para utilizar na porta de entrada, no terra\u00e7o ou no jardim, este candeeiro de exterior \u00e9 uma solu\u00e7\u00e3o pr\u00e1tica e atractiva para todas as suas necessidades de ilumina\u00e7\u00e3o exterior.<\/p>\n","protected":false},"featured_media":68065,"comment_status":"open","ping_status":"closed","template":"","meta":[],"product_brand":[],"product_cat":[120],"product_tag":[],"class_list":{"0":"post-68066","1":"product","2":"type-product","3":"status-publish","4":"has-post-thumbnail","6":"product_cat-parede-exterior","9":"first","10":"instock","11":"featured","12":"shipping-taxable","13":"purchasable","14":"product-type-simple"},"_links":{"self":[{"href":"https:\/\/urboowhome.com\/index.php\/wp-json\/wp\/v2\/product\/68066","targetHints":{"allow":["GET"]}}],"collection":[{"href":"https:\/\/urboowhome.com\/index.php\/wp-json\/wp\/v2\/product"}],"about":[{"href":"https:\/\/urboowhome.com\/index.php\/wp-json\/wp\/v2\/types\/product"}],"replies":[{"embeddable":true,"href":"https:\/\/urboowhome.com\/index.php\/wp-json\/wp\/v2\/comments?post=68066"}],"wp:featuredmedia":[{"embeddable":true,"href":"https:\/\/urboowhome.com\/index.php\/wp-json\/wp\/v2\/media\/68065"}],"wp:attachment":[{"href":"https:\/\/urboowhome.com\/index.php\/wp-json\/wp\/v2\/media?parent=68066"}],"wp:term":[{"taxonomy":"product_brand","embeddable":true,"href":"https:\/\/urboowhome.com\/index.php\/wp-json\/wp\/v2\/product_brand?post=68066"},{"taxonomy":"product_cat","embeddable":true,"href":"https:\/\/urboowhome.com\/index.php\/wp-json\/wp\/v2\/product_cat?post=68066"},{"taxonomy":"product_tag","embeddable":true,"href":"https:\/\/urboowhome.com\/index.php\/wp-json\/wp\/v2\/product_tag?post=68066"}],"curies":[{"name":"wp","href":"https:\/\/api.w.org\/{rel}","templated":true}]}}