{"id":68071,"date":"2025-08-07T14:01:06","date_gmt":"2025-08-07T14:01:06","guid":{"rendered":"https:\/\/urboowfb.com\/index.php\/produto\/veronika\/"},"modified":"2026-03-23T17:27:37","modified_gmt":"2026-03-23T17:27:37","slug":"veronika","status":"publish","type":"product","link":"https:\/\/urboowhome.com\/index.php\/produto\/veronika\/","title":{"rendered":"Veronika"},"content":{"rendered":"","protected":false},"excerpt":{"rendered":"<p>Este candeeiro de parede exterior moderno da s\u00e9rie Veronika convence pelo seu design simples feito de alum\u00ednio fundido sob press\u00e3o de cor antracite. A lumin\u00e1ria de exterior de 8,1 cm \u00e9 constitu\u00edda por um cuboide de alum\u00ednio que pode ser equipado com uma l\u00e2mpada GU10 \u00e0 sua escolha na parte inferior, que \u00e9 depois coberta por vidro transparente. Isto permite-lhe determinar individualmente a cor e o brilho da luz. Com v\u00e1rios artigos da mesma s\u00e9rie, pode organizar elegantemente a sua \u00e1rea exterior e completar o quadro geral.<\/p>\n","protected":false},"featured_media":68070,"comment_status":"open","ping_status":"closed","template":"","meta":[],"product_brand":[],"product_cat":[120],"product_tag":[],"class_list":{"0":"post-68071","1":"product","2":"type-product","3":"status-publish","4":"has-post-thumbnail","6":"product_cat-parede-exterior","9":"first","10":"instock","11":"featured","12":"shipping-taxable","13":"purchasable","14":"product-type-simple"},"_links":{"self":[{"href":"https:\/\/urboowhome.com\/index.php\/wp-json\/wp\/v2\/product\/68071","targetHints":{"allow":["GET"]}}],"collection":[{"href":"https:\/\/urboowhome.com\/index.php\/wp-json\/wp\/v2\/product"}],"about":[{"href":"https:\/\/urboowhome.com\/index.php\/wp-json\/wp\/v2\/types\/product"}],"replies":[{"embeddable":true,"href":"https:\/\/urboowhome.com\/index.php\/wp-json\/wp\/v2\/comments?post=68071"}],"wp:featuredmedia":[{"embeddable":true,"href":"https:\/\/urboowhome.com\/index.php\/wp-json\/wp\/v2\/media\/68070"}],"wp:attachment":[{"href":"https:\/\/urboowhome.com\/index.php\/wp-json\/wp\/v2\/media?parent=68071"}],"wp:term":[{"taxonomy":"product_brand","embeddable":true,"href":"https:\/\/urboowhome.com\/index.php\/wp-json\/wp\/v2\/product_brand?post=68071"},{"taxonomy":"product_cat","embeddable":true,"href":"https:\/\/urboowhome.com\/index.php\/wp-json\/wp\/v2\/product_cat?post=68071"},{"taxonomy":"product_tag","embeddable":true,"href":"https:\/\/urboowhome.com\/index.php\/wp-json\/wp\/v2\/product_tag?post=68071"}],"curies":[{"name":"wp","href":"https:\/\/api.w.org\/{rel}","templated":true}]}}