{"id":68112,"date":"2025-08-07T14:02:15","date_gmt":"2025-08-07T14:02:15","guid":{"rendered":"https:\/\/urboowfb.com\/index.php\/produto\/desi-22\/"},"modified":"2026-03-23T17:27:38","modified_gmt":"2026-03-23T17:27:38","slug":"desi-22","status":"publish","type":"product","link":"https:\/\/urboowhome.com\/index.php\/produto\/desi-22\/","title":{"rendered":"Desi 22"},"content":{"rendered":"","protected":false},"excerpt":{"rendered":"<p>Desi \u00e9 uma lumin\u00e1ria de parede elegante e simples, \u00fatil para pendurar em toldos de portas, em alvenaria exterior ou no telheiro. O tom mate suaviza a luz e evita o encandeamento.<\/p>\n","protected":false},"featured_media":68111,"comment_status":"open","ping_status":"closed","template":"","meta":[],"product_brand":[],"product_cat":[238],"product_tag":[],"class_list":{"0":"post-68112","1":"product","2":"type-product","3":"status-publish","4":"has-post-thumbnail","6":"product_cat-teto-exterior","9":"first","10":"instock","11":"featured","12":"shipping-taxable","13":"purchasable","14":"product-type-simple"},"_links":{"self":[{"href":"https:\/\/urboowhome.com\/index.php\/wp-json\/wp\/v2\/product\/68112","targetHints":{"allow":["GET"]}}],"collection":[{"href":"https:\/\/urboowhome.com\/index.php\/wp-json\/wp\/v2\/product"}],"about":[{"href":"https:\/\/urboowhome.com\/index.php\/wp-json\/wp\/v2\/types\/product"}],"replies":[{"embeddable":true,"href":"https:\/\/urboowhome.com\/index.php\/wp-json\/wp\/v2\/comments?post=68112"}],"wp:featuredmedia":[{"embeddable":true,"href":"https:\/\/urboowhome.com\/index.php\/wp-json\/wp\/v2\/media\/68111"}],"wp:attachment":[{"href":"https:\/\/urboowhome.com\/index.php\/wp-json\/wp\/v2\/media?parent=68112"}],"wp:term":[{"taxonomy":"product_brand","embeddable":true,"href":"https:\/\/urboowhome.com\/index.php\/wp-json\/wp\/v2\/product_brand?post=68112"},{"taxonomy":"product_cat","embeddable":true,"href":"https:\/\/urboowhome.com\/index.php\/wp-json\/wp\/v2\/product_cat?post=68112"},{"taxonomy":"product_tag","embeddable":true,"href":"https:\/\/urboowhome.com\/index.php\/wp-json\/wp\/v2\/product_tag?post=68112"}],"curies":[{"name":"wp","href":"https:\/\/api.w.org\/{rel}","templated":true}]}}