{"id":68121,"date":"2025-08-07T14:02:28","date_gmt":"2025-08-07T14:02:28","guid":{"rendered":"https:\/\/urboowfb.com\/index.php\/produto\/nina\/"},"modified":"2026-03-23T17:27:38","modified_gmt":"2026-03-23T17:27:38","slug":"nina","status":"publish","type":"product","link":"https:\/\/urboowhome.com\/index.php\/produto\/nina\/","title":{"rendered":"Nina"},"content":{"rendered":"","protected":false},"excerpt":{"rendered":"<p>Este candeeiro de exterior nobre impressiona pelo seu design cont\u00ednuo em preto mate feito de a\u00e7o inoxid\u00e1vel. A partir de uma fixa\u00e7\u00e3o redonda no teto, uma corrente met\u00e1lica projeta-se at\u00e9 75,5 cm para um casquilho E27 com um abajur bem torneado feito de hastes met\u00e1licas pretas mate (\u00d816 cm). O casquilho E27 permite-lhe determinar a sua pr\u00f3pria cor de luz e luminosidade at\u00e9 uma pot\u00eancia m\u00e1xima de 15 watts. Devido \u00e0 longevidade e \u00e0 poupan\u00e7a de energia, recomendamos as l\u00e2mpadas LED.<\/p>\n","protected":false},"featured_media":68120,"comment_status":"open","ping_status":"closed","template":"","meta":[],"product_brand":[],"product_cat":[238],"product_tag":[],"class_list":{"0":"post-68121","1":"product","2":"type-product","3":"status-publish","4":"has-post-thumbnail","6":"product_cat-teto-exterior","9":"first","10":"instock","11":"featured","12":"shipping-taxable","13":"purchasable","14":"product-type-simple"},"_links":{"self":[{"href":"https:\/\/urboowhome.com\/index.php\/wp-json\/wp\/v2\/product\/68121","targetHints":{"allow":["GET"]}}],"collection":[{"href":"https:\/\/urboowhome.com\/index.php\/wp-json\/wp\/v2\/product"}],"about":[{"href":"https:\/\/urboowhome.com\/index.php\/wp-json\/wp\/v2\/types\/product"}],"replies":[{"embeddable":true,"href":"https:\/\/urboowhome.com\/index.php\/wp-json\/wp\/v2\/comments?post=68121"}],"wp:featuredmedia":[{"embeddable":true,"href":"https:\/\/urboowhome.com\/index.php\/wp-json\/wp\/v2\/media\/68120"}],"wp:attachment":[{"href":"https:\/\/urboowhome.com\/index.php\/wp-json\/wp\/v2\/media?parent=68121"}],"wp:term":[{"taxonomy":"product_brand","embeddable":true,"href":"https:\/\/urboowhome.com\/index.php\/wp-json\/wp\/v2\/product_brand?post=68121"},{"taxonomy":"product_cat","embeddable":true,"href":"https:\/\/urboowhome.com\/index.php\/wp-json\/wp\/v2\/product_cat?post=68121"},{"taxonomy":"product_tag","embeddable":true,"href":"https:\/\/urboowhome.com\/index.php\/wp-json\/wp\/v2\/product_tag?post=68121"}],"curies":[{"name":"wp","href":"https:\/\/api.w.org\/{rel}","templated":true}]}}