{"id":68129,"date":"2025-08-07T14:02:42","date_gmt":"2025-08-07T14:02:42","guid":{"rendered":"https:\/\/urboowfb.com\/index.php\/produto\/ubangi\/"},"modified":"2026-03-23T17:27:38","modified_gmt":"2026-03-23T17:27:38","slug":"ubangi","status":"publish","type":"product","link":"https:\/\/urboowhome.com\/index.php\/produto\/ubangi\/","title":{"rendered":"Ubangi"},"content":{"rendered":"","protected":false},"excerpt":{"rendered":"<p>Convidativas e eficazes, as luzes exteriores UBANGI proporcionam uma ilumina\u00e7\u00e3o atmosf\u00e9rica \u00e0 volta da casa. A ilumina\u00e7\u00e3o decorativa de jardim tem um cabo de alimenta\u00e7\u00e3o de cinco metros de comprimento e \u00e9 fornecida com um espig\u00e3o de terra para que possa fix\u00e1-la facilmente no seu jardim. O projetor tem um di\u00e2metro de cerca de 9 cm e \u00e9 extremamente resistente \u00e0s intemp\u00e9ries gra\u00e7as ao seu grau de prote\u00e7\u00e3o IP65. Gra\u00e7as ao design discreto em cor antracite, a luz de exterior pode ser integrada de forma elegante numa variedade de conceitos de jardim. Para uma ilumina\u00e7\u00e3o economizadora de energia, recomenda-se a utiliza\u00e7\u00e3o de uma l\u00e2mpada LED. Estas s\u00e3o uma \u00f3ptima alternativa \u00e0s l\u00e2mpadas de halog\u00e9neo convencionais e representam uma elevada qualidade de luz e uma poupan\u00e7a de energia de at\u00e9 80%. Al\u00e9m disso, as l\u00e2mpadas LED ajudam-no a beneficiar de uma longa vida \u00fatil, de uma baixa produ\u00e7\u00e3o de calor e, ao mesmo tempo, protegem o ambiente.<\/p>\n","protected":false},"featured_media":68128,"comment_status":"open","ping_status":"closed","template":"","meta":[],"product_brand":[],"product_cat":[123,124],"product_tag":[],"class_list":{"0":"post-68129","1":"product","2":"type-product","3":"status-publish","4":"has-post-thumbnail","6":"product_cat-spot","7":"product_cat-wall-washers","10":"first","11":"instock","12":"featured","13":"shipping-taxable","14":"purchasable","15":"product-type-simple"},"_links":{"self":[{"href":"https:\/\/urboowhome.com\/index.php\/wp-json\/wp\/v2\/product\/68129","targetHints":{"allow":["GET"]}}],"collection":[{"href":"https:\/\/urboowhome.com\/index.php\/wp-json\/wp\/v2\/product"}],"about":[{"href":"https:\/\/urboowhome.com\/index.php\/wp-json\/wp\/v2\/types\/product"}],"replies":[{"embeddable":true,"href":"https:\/\/urboowhome.com\/index.php\/wp-json\/wp\/v2\/comments?post=68129"}],"wp:featuredmedia":[{"embeddable":true,"href":"https:\/\/urboowhome.com\/index.php\/wp-json\/wp\/v2\/media\/68128"}],"wp:attachment":[{"href":"https:\/\/urboowhome.com\/index.php\/wp-json\/wp\/v2\/media?parent=68129"}],"wp:term":[{"taxonomy":"product_brand","embeddable":true,"href":"https:\/\/urboowhome.com\/index.php\/wp-json\/wp\/v2\/product_brand?post=68129"},{"taxonomy":"product_cat","embeddable":true,"href":"https:\/\/urboowhome.com\/index.php\/wp-json\/wp\/v2\/product_cat?post=68129"},{"taxonomy":"product_tag","embeddable":true,"href":"https:\/\/urboowhome.com\/index.php\/wp-json\/wp\/v2\/product_tag?post=68129"}],"curies":[{"name":"wp","href":"https:\/\/api.w.org\/{rel}","templated":true}]}}