{"id":68132,"date":"2025-08-07T14:02:45","date_gmt":"2025-08-07T14:02:45","guid":{"rendered":"https:\/\/urboowfb.com\/index.php\/produto\/mareb\/"},"modified":"2026-03-23T17:27:38","modified_gmt":"2026-03-23T17:27:38","slug":"mareb","status":"publish","type":"product","link":"https:\/\/urboowhome.com\/index.php\/produto\/mareb\/","title":{"rendered":"Mareb"},"content":{"rendered":"","protected":false},"excerpt":{"rendered":"<p>Com a lumin\u00e1ria de exterior MAREB, pode definir um ambiente de ilumina\u00e7\u00e3o \u00e0 volta da sua casa e decidir por si pr\u00f3prio o que deve ser o foco de aten\u00e7\u00e3o na sua \u00e1rea exterior. O spot regul\u00e1vel de forma vari\u00e1vel permite que uma luz convidativa e eficaz seja posicionada exatamente onde \u00e9 necess\u00e1ria e desejada. A ilumina\u00e7\u00e3o decorativa de jardim \u00e9 fornecida com um espig\u00e3o de solo, que permite uma montagem f\u00e1cil no seu jardim. Gra\u00e7as ao grau de prote\u00e7\u00e3o IP65, a lumin\u00e1ria \u00e9 extremamente resistente \u00e0s intemp\u00e9ries. A integra\u00e7\u00e3o da lumin\u00e1ria nos conceitos de jardim existentes \u00e9 f\u00e1cil gra\u00e7as ao design discreto em cor antracite. Al\u00e9m disso, a lumin\u00e1ria possui a moderna tecnologia LED, que se caracteriza por uma elevada qualidade de luz e efici\u00eancia energ\u00e9tica. Em compara\u00e7\u00e3o com as l\u00e2mpadas de halog\u00e9neo convencionais, \u00e9 poss\u00edvel poupar at\u00e9 80% dos custos de energia. Al\u00e9m disso, as fontes de luz LED t\u00eam uma longa vida \u00fatil, produzem menos calor e protegem o ambiente.<\/p>\n","protected":false},"featured_media":68131,"comment_status":"open","ping_status":"closed","template":"","meta":[],"product_brand":[],"product_cat":[123,124],"product_tag":[],"class_list":{"0":"post-68132","1":"product","2":"type-product","3":"status-publish","4":"has-post-thumbnail","6":"product_cat-spot","7":"product_cat-wall-washers","10":"first","11":"instock","12":"featured","13":"shipping-taxable","14":"purchasable","15":"product-type-simple"},"_links":{"self":[{"href":"https:\/\/urboowhome.com\/index.php\/wp-json\/wp\/v2\/product\/68132","targetHints":{"allow":["GET"]}}],"collection":[{"href":"https:\/\/urboowhome.com\/index.php\/wp-json\/wp\/v2\/product"}],"about":[{"href":"https:\/\/urboowhome.com\/index.php\/wp-json\/wp\/v2\/types\/product"}],"replies":[{"embeddable":true,"href":"https:\/\/urboowhome.com\/index.php\/wp-json\/wp\/v2\/comments?post=68132"}],"wp:featuredmedia":[{"embeddable":true,"href":"https:\/\/urboowhome.com\/index.php\/wp-json\/wp\/v2\/media\/68131"}],"wp:attachment":[{"href":"https:\/\/urboowhome.com\/index.php\/wp-json\/wp\/v2\/media?parent=68132"}],"wp:term":[{"taxonomy":"product_brand","embeddable":true,"href":"https:\/\/urboowhome.com\/index.php\/wp-json\/wp\/v2\/product_brand?post=68132"},{"taxonomy":"product_cat","embeddable":true,"href":"https:\/\/urboowhome.com\/index.php\/wp-json\/wp\/v2\/product_cat?post=68132"},{"taxonomy":"product_tag","embeddable":true,"href":"https:\/\/urboowhome.com\/index.php\/wp-json\/wp\/v2\/product_tag?post=68132"}],"curies":[{"name":"wp","href":"https:\/\/api.w.org\/{rel}","templated":true}]}}