{"id":68147,"date":"2025-08-07T14:03:08","date_gmt":"2025-08-07T14:03:08","guid":{"rendered":"https:\/\/urboowfb.com\/index.php\/produto\/aludra-95-2\/"},"modified":"2026-03-23T17:27:38","modified_gmt":"2026-03-23T17:27:38","slug":"aludra-95-2","status":"publish","type":"product","link":"https:\/\/urboowhome.com\/index.php\/produto\/aludra-95-2\/","title":{"rendered":"Aludra 95"},"content":{"rendered":"","protected":false},"excerpt":{"rendered":"<p>O design escultural e o minimalismo moderno s\u00e3o as palavras-chave para a s\u00e9rie Aludra da conceituada Jacob Jensen Design. Um candeeiro de jardim vers\u00e1til que cria um belo efeito de luz e sombra, iluminando determinadas \u00e1reas dos seus espa\u00e7os exteriores. F\u00e1cil de instalar com a base inclu\u00edda.<\/p>\n<p>Fabricado em material duradouro, adequado a condi\u00e7\u00f5es climat\u00e9ricas adversas<\/p>\n","protected":false},"featured_media":68146,"comment_status":"open","ping_status":"closed","template":"","meta":[],"product_brand":[],"product_cat":[121],"product_tag":[],"class_list":{"0":"post-68147","1":"product","2":"type-product","3":"status-publish","4":"has-post-thumbnail","6":"product_cat-jardim","9":"first","10":"instock","11":"featured","12":"shipping-taxable","13":"purchasable","14":"product-type-simple"},"_links":{"self":[{"href":"https:\/\/urboowhome.com\/index.php\/wp-json\/wp\/v2\/product\/68147","targetHints":{"allow":["GET"]}}],"collection":[{"href":"https:\/\/urboowhome.com\/index.php\/wp-json\/wp\/v2\/product"}],"about":[{"href":"https:\/\/urboowhome.com\/index.php\/wp-json\/wp\/v2\/types\/product"}],"replies":[{"embeddable":true,"href":"https:\/\/urboowhome.com\/index.php\/wp-json\/wp\/v2\/comments?post=68147"}],"wp:featuredmedia":[{"embeddable":true,"href":"https:\/\/urboowhome.com\/index.php\/wp-json\/wp\/v2\/media\/68146"}],"wp:attachment":[{"href":"https:\/\/urboowhome.com\/index.php\/wp-json\/wp\/v2\/media?parent=68147"}],"wp:term":[{"taxonomy":"product_brand","embeddable":true,"href":"https:\/\/urboowhome.com\/index.php\/wp-json\/wp\/v2\/product_brand?post=68147"},{"taxonomy":"product_cat","embeddable":true,"href":"https:\/\/urboowhome.com\/index.php\/wp-json\/wp\/v2\/product_cat?post=68147"},{"taxonomy":"product_tag","embeddable":true,"href":"https:\/\/urboowhome.com\/index.php\/wp-json\/wp\/v2\/product_tag?post=68147"}],"curies":[{"name":"wp","href":"https:\/\/api.w.org\/{rel}","templated":true}]}}