{"id":68150,"date":"2025-08-07T14:03:12","date_gmt":"2025-08-07T14:03:12","guid":{"rendered":"https:\/\/urboowfb.com\/index.php\/produto\/salmon\/"},"modified":"2026-03-23T17:27:38","modified_gmt":"2026-03-23T17:27:38","slug":"salmon","status":"publish","type":"product","link":"https:\/\/urboowhome.com\/index.php\/produto\/salmon\/","title":{"rendered":"Salmon"},"content":{"rendered":"","protected":false},"excerpt":{"rendered":"<p>As luzes de exterior da s\u00e9rie SALMON s\u00e3o encantadoras em toda a linha. A combina\u00e7\u00e3o perfeita de luz indireta, funcionalidade e apar\u00eancia elegante faz destas lumin\u00e1rias um elemento indispens\u00e1vel no seu espa\u00e7o exterior. Colocada na zona de entrada ou junto ao patamar, a lumin\u00e1ria de caminho proporciona uma luz apelativa a todos os rec\u00e9m-chegados e contribui para a seguran\u00e7a. Gra\u00e7as ao grau de prote\u00e7\u00e3o IP44, a lumin\u00e1ria \u00e9 extremamente vers\u00e1til. A mistura de cores antracite e reprodu\u00e7\u00e3o de madeira est\u00e1 atualmente na moda e d\u00e1 ao seu espa\u00e7o exterior uma atualiza\u00e7\u00e3o visual. A lumin\u00e1ria tamb\u00e9m possui a moderna tecnologia LED, que se caracteriza por uma elevada qualidade de luz e efici\u00eancia energ\u00e9tica. Em compara\u00e7\u00e3o com as fontes de luz de halog\u00e9neo convencionais, \u00e9 poss\u00edvel poupar at\u00e9 80% dos custos de energia. Com as fontes de luz LED, tamb\u00e9m beneficia de uma longa vida \u00fatil e de uma baixa produ\u00e7\u00e3o de calor, protegendo o ambiente.<\/p>\n","protected":false},"featured_media":68149,"comment_status":"open","ping_status":"closed","template":"","meta":[],"product_brand":[],"product_cat":[121],"product_tag":[],"class_list":{"0":"post-68150","1":"product","2":"type-product","3":"status-publish","4":"has-post-thumbnail","6":"product_cat-jardim","9":"first","10":"instock","11":"featured","12":"shipping-taxable","13":"purchasable","14":"product-type-simple"},"_links":{"self":[{"href":"https:\/\/urboowhome.com\/index.php\/wp-json\/wp\/v2\/product\/68150","targetHints":{"allow":["GET"]}}],"collection":[{"href":"https:\/\/urboowhome.com\/index.php\/wp-json\/wp\/v2\/product"}],"about":[{"href":"https:\/\/urboowhome.com\/index.php\/wp-json\/wp\/v2\/types\/product"}],"replies":[{"embeddable":true,"href":"https:\/\/urboowhome.com\/index.php\/wp-json\/wp\/v2\/comments?post=68150"}],"wp:featuredmedia":[{"embeddable":true,"href":"https:\/\/urboowhome.com\/index.php\/wp-json\/wp\/v2\/media\/68149"}],"wp:attachment":[{"href":"https:\/\/urboowhome.com\/index.php\/wp-json\/wp\/v2\/media?parent=68150"}],"wp:term":[{"taxonomy":"product_brand","embeddable":true,"href":"https:\/\/urboowhome.com\/index.php\/wp-json\/wp\/v2\/product_brand?post=68150"},{"taxonomy":"product_cat","embeddable":true,"href":"https:\/\/urboowhome.com\/index.php\/wp-json\/wp\/v2\/product_cat?post=68150"},{"taxonomy":"product_tag","embeddable":true,"href":"https:\/\/urboowhome.com\/index.php\/wp-json\/wp\/v2\/product_tag?post=68150"}],"curies":[{"name":"wp","href":"https:\/\/api.w.org\/{rel}","templated":true}]}}