{"id":68157,"date":"2025-08-07T14:03:25","date_gmt":"2025-08-07T14:03:25","guid":{"rendered":"https:\/\/urboowfb.com\/index.php\/produto\/xeloo\/"},"modified":"2026-03-23T17:27:38","modified_gmt":"2026-03-23T17:27:38","slug":"xeloo","status":"publish","type":"product","link":"https:\/\/urboowhome.com\/index.php\/produto\/xeloo\/","title":{"rendered":"Xeloo"},"content":{"rendered":"","protected":false},"excerpt":{"rendered":"<p>Uma caixa cil\u00edndrica de 80 cm com vidro fumado sobressai de uma base redonda com um casquilho E27.<br \/>\nEste grande candeeiro de exterior inspira-se no design moderno. A partir de uma base redonda, sobressai uma caixa cil\u00edndrica de 50 cm com vidro fumado e um casquilho E27. Isto permite-lhe determinar at\u00e9 uma pot\u00eancia m\u00e1xima de 60 watts, mesmo por cor de luz e brilho. Devido \u00e0 longevidade e \u00e0 poupan\u00e7a de energia, recomendamos as l\u00e2mpadas LED.<\/p>\n","protected":false},"featured_media":68156,"comment_status":"open","ping_status":"closed","template":"","meta":[],"product_brand":[],"product_cat":[121],"product_tag":[],"class_list":{"0":"post-68157","1":"product","2":"type-product","3":"status-publish","4":"has-post-thumbnail","6":"product_cat-jardim","9":"first","10":"instock","11":"featured","12":"shipping-taxable","13":"purchasable","14":"product-type-simple"},"_links":{"self":[{"href":"https:\/\/urboowhome.com\/index.php\/wp-json\/wp\/v2\/product\/68157","targetHints":{"allow":["GET"]}}],"collection":[{"href":"https:\/\/urboowhome.com\/index.php\/wp-json\/wp\/v2\/product"}],"about":[{"href":"https:\/\/urboowhome.com\/index.php\/wp-json\/wp\/v2\/types\/product"}],"replies":[{"embeddable":true,"href":"https:\/\/urboowhome.com\/index.php\/wp-json\/wp\/v2\/comments?post=68157"}],"wp:featuredmedia":[{"embeddable":true,"href":"https:\/\/urboowhome.com\/index.php\/wp-json\/wp\/v2\/media\/68156"}],"wp:attachment":[{"href":"https:\/\/urboowhome.com\/index.php\/wp-json\/wp\/v2\/media?parent=68157"}],"wp:term":[{"taxonomy":"product_brand","embeddable":true,"href":"https:\/\/urboowhome.com\/index.php\/wp-json\/wp\/v2\/product_brand?post=68157"},{"taxonomy":"product_cat","embeddable":true,"href":"https:\/\/urboowhome.com\/index.php\/wp-json\/wp\/v2\/product_cat?post=68157"},{"taxonomy":"product_tag","embeddable":true,"href":"https:\/\/urboowhome.com\/index.php\/wp-json\/wp\/v2\/product_tag?post=68157"}],"curies":[{"name":"wp","href":"https:\/\/api.w.org\/{rel}","templated":true}]}}