{"id":68178,"date":"2025-08-07T14:04:03","date_gmt":"2025-08-07T14:04:03","guid":{"rendered":"https:\/\/urboowfb.com\/index.php\/produto\/palmas-2\/"},"modified":"2026-03-23T17:27:38","modified_gmt":"2026-03-23T17:27:38","slug":"palmas-2","status":"publish","type":"product","link":"https:\/\/urboowhome.com\/index.php\/produto\/palmas-2\/","title":{"rendered":"Palmas"},"content":{"rendered":"","protected":false},"excerpt":{"rendered":"<p>A apelativa PALMAS \u00e9 a escolha perfeita para uma ilumina\u00e7\u00e3o exterior expressiva. Quer seja utilizada individualmente ou combinada num grupo, esta s\u00e9rie causa uma boa impress\u00e3o. Gra\u00e7as ao alternador de cores RGBW integrado, a cor da luz pode ser facilmente alterada atrav\u00e9s de um controlo remoto. A luz n\u00e3o s\u00f3 d\u00e1 um toque de cor, como tamb\u00e9m cria a atmosfera perfeita! Gra\u00e7as ao seu funcionamento com bateria recarreg\u00e1vel, pode ser colocada em qualquer lugar. A bateria \u00e9 carregada atrav\u00e9s de uma liga\u00e7\u00e3o USB. O design branco do candeeiro permite que as cores RGBW se destaquem e torna-o extremamente f\u00e1cil de combinar com o mobili\u00e1rio de jardim existente. A lumin\u00e1ria tamb\u00e9m possui a moderna tecnologia LED, que se caracteriza por uma elevada qualidade de luz e efici\u00eancia energ\u00e9tica. Em compara\u00e7\u00e3o com as fontes de luz de halog\u00e9neo convencionais, \u00e9 poss\u00edvel poupar at\u00e9 80% dos custos de energia. As fontes de luz LED tamb\u00e9m t\u00eam uma longa vida \u00fatil, produzem menos calor e protegem o ambiente.<\/p>\n","protected":false},"featured_media":68177,"comment_status":"open","ping_status":"closed","template":"","meta":[],"product_brand":[],"product_cat":[121],"product_tag":[],"class_list":{"0":"post-68178","1":"product","2":"type-product","3":"status-publish","4":"has-post-thumbnail","6":"product_cat-jardim","9":"first","10":"instock","11":"featured","12":"shipping-taxable","13":"purchasable","14":"product-type-simple"},"_links":{"self":[{"href":"https:\/\/urboowhome.com\/index.php\/wp-json\/wp\/v2\/product\/68178","targetHints":{"allow":["GET"]}}],"collection":[{"href":"https:\/\/urboowhome.com\/index.php\/wp-json\/wp\/v2\/product"}],"about":[{"href":"https:\/\/urboowhome.com\/index.php\/wp-json\/wp\/v2\/types\/product"}],"replies":[{"embeddable":true,"href":"https:\/\/urboowhome.com\/index.php\/wp-json\/wp\/v2\/comments?post=68178"}],"wp:featuredmedia":[{"embeddable":true,"href":"https:\/\/urboowhome.com\/index.php\/wp-json\/wp\/v2\/media\/68177"}],"wp:attachment":[{"href":"https:\/\/urboowhome.com\/index.php\/wp-json\/wp\/v2\/media?parent=68178"}],"wp:term":[{"taxonomy":"product_brand","embeddable":true,"href":"https:\/\/urboowhome.com\/index.php\/wp-json\/wp\/v2\/product_brand?post=68178"},{"taxonomy":"product_cat","embeddable":true,"href":"https:\/\/urboowhome.com\/index.php\/wp-json\/wp\/v2\/product_cat?post=68178"},{"taxonomy":"product_tag","embeddable":true,"href":"https:\/\/urboowhome.com\/index.php\/wp-json\/wp\/v2\/product_tag?post=68178"}],"curies":[{"name":"wp","href":"https:\/\/api.w.org\/{rel}","templated":true}]}}