{"id":68191,"date":"2025-08-07T14:04:25","date_gmt":"2025-08-07T14:04:25","guid":{"rendered":"https:\/\/urboowfb.com\/index.php\/produto\/fuerte\/"},"modified":"2026-03-23T17:27:38","modified_gmt":"2026-03-23T17:27:38","slug":"fuerte","status":"publish","type":"product","link":"https:\/\/urboowhome.com\/index.php\/produto\/fuerte\/","title":{"rendered":"Fuerte"},"content":{"rendered":"","protected":false},"excerpt":{"rendered":"<p>A lumin\u00e1ria de exterior FUERTE caracteriza-se pela sua apar\u00eancia intemporal e moderna. A luz filtrada atrav\u00e9s da cobertura proporciona uma intensidade luminosa agrad\u00e1vel no jardim, na zona de entrada ou no terra\u00e7o. Al\u00e9m disso, a lumin\u00e1ria \u00e9 particularmente resistente \u00e0s intemp\u00e9ries devido \u00e0 classe de prote\u00e7\u00e3o IP54 e ao alum\u00ednio fundido e \u00e9, portanto, adequada para iluminar a sua \u00e1rea exterior. A lumin\u00e1ria oferece in\u00fameras possibilidades de aplica\u00e7\u00e3o gra\u00e7as \u00e0 sua forma simples e ao seu esquema de cores moderno em antracite e branco. Al\u00e9m disso, a lumin\u00e1ria possui a moderna tecnologia LED, que se caracteriza por uma elevada qualidade de luz e efici\u00eancia energ\u00e9tica. Em compara\u00e7\u00e3o com as l\u00e2mpadas de halog\u00e9neo convencionais, \u00e9 poss\u00edvel poupar at\u00e9 80% dos custos de energia. Al\u00e9m disso, as fontes de luz LED t\u00eam uma longa vida \u00fatil, produzem menos calor e protegem o ambiente.<\/p>\n","protected":false},"featured_media":68190,"comment_status":"open","ping_status":"closed","template":"","meta":[],"product_brand":[],"product_cat":[121],"product_tag":[],"class_list":{"0":"post-68191","1":"product","2":"type-product","3":"status-publish","4":"has-post-thumbnail","6":"product_cat-jardim","9":"first","10":"instock","11":"featured","12":"shipping-taxable","13":"purchasable","14":"product-type-simple"},"_links":{"self":[{"href":"https:\/\/urboowhome.com\/index.php\/wp-json\/wp\/v2\/product\/68191","targetHints":{"allow":["GET"]}}],"collection":[{"href":"https:\/\/urboowhome.com\/index.php\/wp-json\/wp\/v2\/product"}],"about":[{"href":"https:\/\/urboowhome.com\/index.php\/wp-json\/wp\/v2\/types\/product"}],"replies":[{"embeddable":true,"href":"https:\/\/urboowhome.com\/index.php\/wp-json\/wp\/v2\/comments?post=68191"}],"wp:featuredmedia":[{"embeddable":true,"href":"https:\/\/urboowhome.com\/index.php\/wp-json\/wp\/v2\/media\/68190"}],"wp:attachment":[{"href":"https:\/\/urboowhome.com\/index.php\/wp-json\/wp\/v2\/media?parent=68191"}],"wp:term":[{"taxonomy":"product_brand","embeddable":true,"href":"https:\/\/urboowhome.com\/index.php\/wp-json\/wp\/v2\/product_brand?post=68191"},{"taxonomy":"product_cat","embeddable":true,"href":"https:\/\/urboowhome.com\/index.php\/wp-json\/wp\/v2\/product_cat?post=68191"},{"taxonomy":"product_tag","embeddable":true,"href":"https:\/\/urboowhome.com\/index.php\/wp-json\/wp\/v2\/product_tag?post=68191"}],"curies":[{"name":"wp","href":"https:\/\/api.w.org\/{rel}","templated":true}]}}