{"id":68201,"date":"2025-08-07T14:04:41","date_gmt":"2025-08-07T14:04:41","guid":{"rendered":"https:\/\/urboowfb.com\/index.php\/produto\/dovina-60-2\/"},"modified":"2026-03-23T17:27:38","modified_gmt":"2026-03-23T17:27:38","slug":"dovina-60-2","status":"publish","type":"product","link":"https:\/\/urboowhome.com\/index.php\/produto\/dovina-60-2\/","title":{"rendered":"Dovina 60"},"content":{"rendered":"","protected":false},"excerpt":{"rendered":"<p>Este elegante espelho de casa de banho cria um bonito efeito de retroilumina\u00e7\u00e3o na parede e proporciona uma luz agrad\u00e1vel para aplicar maquilhagem ou para se preparar.Desligue a luz com um simples toque no bot\u00e3o on\/off no espelho.<\/p>\n","protected":false},"featured_media":68200,"comment_status":"open","ping_status":"closed","template":"","meta":[],"product_brand":[],"product_cat":[240,239],"product_tag":[],"class_list":{"0":"post-68201","1":"product","2":"type-product","3":"status-publish","4":"has-post-thumbnail","6":"product_cat-espelhos-iluminados-espelhos-iluminados","7":"product_cat-espelhos-iluminados","10":"first","11":"instock","12":"featured","13":"shipping-taxable","14":"purchasable","15":"product-type-simple"},"_links":{"self":[{"href":"https:\/\/urboowhome.com\/index.php\/wp-json\/wp\/v2\/product\/68201","targetHints":{"allow":["GET"]}}],"collection":[{"href":"https:\/\/urboowhome.com\/index.php\/wp-json\/wp\/v2\/product"}],"about":[{"href":"https:\/\/urboowhome.com\/index.php\/wp-json\/wp\/v2\/types\/product"}],"replies":[{"embeddable":true,"href":"https:\/\/urboowhome.com\/index.php\/wp-json\/wp\/v2\/comments?post=68201"}],"wp:featuredmedia":[{"embeddable":true,"href":"https:\/\/urboowhome.com\/index.php\/wp-json\/wp\/v2\/media\/68200"}],"wp:attachment":[{"href":"https:\/\/urboowhome.com\/index.php\/wp-json\/wp\/v2\/media?parent=68201"}],"wp:term":[{"taxonomy":"product_brand","embeddable":true,"href":"https:\/\/urboowhome.com\/index.php\/wp-json\/wp\/v2\/product_brand?post=68201"},{"taxonomy":"product_cat","embeddable":true,"href":"https:\/\/urboowhome.com\/index.php\/wp-json\/wp\/v2\/product_cat?post=68201"},{"taxonomy":"product_tag","embeddable":true,"href":"https:\/\/urboowhome.com\/index.php\/wp-json\/wp\/v2\/product_tag?post=68201"}],"curies":[{"name":"wp","href":"https:\/\/api.w.org\/{rel}","templated":true}]}}