{"id":68206,"date":"2025-08-07T14:04:49","date_gmt":"2025-08-07T14:04:49","guid":{"rendered":"https:\/\/urboowfb.com\/index.php\/produto\/espelho-redondo-retroiluminado\/"},"modified":"2026-03-23T17:27:39","modified_gmt":"2026-03-23T17:27:39","slug":"espelho-redondo-retroiluminado","status":"publish","type":"product","link":"https:\/\/urboowhome.com\/index.php\/produto\/espelho-redondo-retroiluminado\/","title":{"rendered":"Espelho Redondo Retroiluminado"},"content":{"rendered":"","protected":false},"excerpt":{"rendered":"<p>Espelho de casa de banho redondo com retroilumina\u00e7\u00e3o. Este espelho moderno destaca-se pelo seu design moderno e minimalista, que \u00e9 simultaneamente funcional e pr\u00e1tico. Incorpora as \u00faltimas tecnologias, bem como uma ilumina\u00e7\u00e3o LED de baixo consumo, dispon\u00edvel em v\u00e1rias cores \u00e0 sua escolha. Est\u00e1 dispon\u00edvel em v\u00e1rios tamanhos para ser colocado em m\u00f3veis grandes ou pequenos, consoante as suas necessidades. Ideal para dar estilo e eleg\u00e2ncia \u00e0 sua casa de banho, quarto, arm\u00e1rio ou qualquer outra divis\u00e3o onde o coloque.<\/p>\n","protected":false},"featured_media":68205,"comment_status":"open","ping_status":"closed","template":"","meta":[],"product_brand":[],"product_cat":[239,240],"product_tag":[],"class_list":{"0":"post-68206","1":"product","2":"type-product","3":"status-publish","4":"has-post-thumbnail","6":"product_cat-espelhos-iluminados","7":"product_cat-espelhos-iluminados-espelhos-iluminados","10":"first","11":"instock","12":"featured","13":"shipping-taxable","14":"purchasable","15":"product-type-simple"},"_links":{"self":[{"href":"https:\/\/urboowhome.com\/index.php\/wp-json\/wp\/v2\/product\/68206","targetHints":{"allow":["GET"]}}],"collection":[{"href":"https:\/\/urboowhome.com\/index.php\/wp-json\/wp\/v2\/product"}],"about":[{"href":"https:\/\/urboowhome.com\/index.php\/wp-json\/wp\/v2\/types\/product"}],"replies":[{"embeddable":true,"href":"https:\/\/urboowhome.com\/index.php\/wp-json\/wp\/v2\/comments?post=68206"}],"wp:featuredmedia":[{"embeddable":true,"href":"https:\/\/urboowhome.com\/index.php\/wp-json\/wp\/v2\/media\/68205"}],"wp:attachment":[{"href":"https:\/\/urboowhome.com\/index.php\/wp-json\/wp\/v2\/media?parent=68206"}],"wp:term":[{"taxonomy":"product_brand","embeddable":true,"href":"https:\/\/urboowhome.com\/index.php\/wp-json\/wp\/v2\/product_brand?post=68206"},{"taxonomy":"product_cat","embeddable":true,"href":"https:\/\/urboowhome.com\/index.php\/wp-json\/wp\/v2\/product_cat?post=68206"},{"taxonomy":"product_tag","embeddable":true,"href":"https:\/\/urboowhome.com\/index.php\/wp-json\/wp\/v2\/product_tag?post=68206"}],"curies":[{"name":"wp","href":"https:\/\/api.w.org\/{rel}","templated":true}]}}