{"id":68218,"date":"2025-08-07T14:05:12","date_gmt":"2025-08-07T14:05:12","guid":{"rendered":"https:\/\/urboowfb.com\/index.php\/produto\/espelho-semicircular-retroiluminado\/"},"modified":"2026-03-23T17:27:39","modified_gmt":"2026-03-23T17:27:39","slug":"espelho-semicircular-retroiluminado","status":"publish","type":"product","link":"https:\/\/urboowhome.com\/index.php\/produto\/espelho-semicircular-retroiluminado\/","title":{"rendered":"Espelho Semicircular Retroiluminado"},"content":{"rendered":"","protected":false},"excerpt":{"rendered":"<p>Espelho em forma de meia-lua com retroilumina\u00e7\u00e3o LED integrada. Este espelho moderno destaca-se pelo seu design moderno e minimalista, sendo ao mesmo tempo funcional e pr\u00e1tico. Incorpora a mais recente tecnologia, bem como ilumina\u00e7\u00e3o LED economizadora de energia dispon\u00edvel em diferentes cores \u00e0 escolha.<\/p>\n","protected":false},"featured_media":68217,"comment_status":"open","ping_status":"closed","template":"","meta":[],"product_brand":[],"product_cat":[239,240],"product_tag":[],"class_list":{"0":"post-68218","1":"product","2":"type-product","3":"status-publish","4":"has-post-thumbnail","6":"product_cat-espelhos-iluminados","7":"product_cat-espelhos-iluminados-espelhos-iluminados","10":"first","11":"instock","12":"featured","13":"shipping-taxable","14":"purchasable","15":"product-type-simple"},"_links":{"self":[{"href":"https:\/\/urboowhome.com\/index.php\/wp-json\/wp\/v2\/product\/68218","targetHints":{"allow":["GET"]}}],"collection":[{"href":"https:\/\/urboowhome.com\/index.php\/wp-json\/wp\/v2\/product"}],"about":[{"href":"https:\/\/urboowhome.com\/index.php\/wp-json\/wp\/v2\/types\/product"}],"replies":[{"embeddable":true,"href":"https:\/\/urboowhome.com\/index.php\/wp-json\/wp\/v2\/comments?post=68218"}],"wp:featuredmedia":[{"embeddable":true,"href":"https:\/\/urboowhome.com\/index.php\/wp-json\/wp\/v2\/media\/68217"}],"wp:attachment":[{"href":"https:\/\/urboowhome.com\/index.php\/wp-json\/wp\/v2\/media?parent=68218"}],"wp:term":[{"taxonomy":"product_brand","embeddable":true,"href":"https:\/\/urboowhome.com\/index.php\/wp-json\/wp\/v2\/product_brand?post=68218"},{"taxonomy":"product_cat","embeddable":true,"href":"https:\/\/urboowhome.com\/index.php\/wp-json\/wp\/v2\/product_cat?post=68218"},{"taxonomy":"product_tag","embeddable":true,"href":"https:\/\/urboowhome.com\/index.php\/wp-json\/wp\/v2\/product_tag?post=68218"}],"curies":[{"name":"wp","href":"https:\/\/api.w.org\/{rel}","templated":true}]}}