{"id":68231,"date":"2025-08-07T14:05:36","date_gmt":"2025-08-07T14:05:36","guid":{"rendered":"https:\/\/urboowfb.com\/index.php\/produto\/espelho-oval-retroiluminado\/"},"modified":"2026-03-23T17:27:39","modified_gmt":"2026-03-23T17:27:39","slug":"espelho-oval-retroiluminado","status":"publish","type":"product","link":"https:\/\/urboowhome.com\/index.php\/produto\/espelho-oval-retroiluminado\/","title":{"rendered":"Espelho Oval Retroiluminado"},"content":{"rendered":"","protected":false},"excerpt":{"rendered":"<p>Espelho oval retroiluminado para casa de banho. Este espelho moderno destaca-se pelo seu design moderno e minimalista, sendo ao mesmo tempo funcional e pr\u00e1tico. Incorpora a mais recente tecnologia, bem como uma ilumina\u00e7\u00e3o LED economizadora de energia dispon\u00edvel em diferentes cores \u00e0 escolha. \u00c9 fabricado em v\u00e1rios tamanhos para ser colocado em m\u00f3veis grandes ou pequenos, consoante as suas necessidades. Ideal para dar estilo e eleg\u00e2ncia \u00e0 sua casa de banho, quarto, quarto de vestir ou qualquer outra divis\u00e3o onde o coloque.<\/p>\n","protected":false},"featured_media":68230,"comment_status":"open","ping_status":"closed","template":"","meta":[],"product_brand":[],"product_cat":[239,240],"product_tag":[],"class_list":{"0":"post-68231","1":"product","2":"type-product","3":"status-publish","4":"has-post-thumbnail","6":"product_cat-espelhos-iluminados","7":"product_cat-espelhos-iluminados-espelhos-iluminados","10":"first","11":"instock","12":"featured","13":"shipping-taxable","14":"purchasable","15":"product-type-simple"},"_links":{"self":[{"href":"https:\/\/urboowhome.com\/index.php\/wp-json\/wp\/v2\/product\/68231","targetHints":{"allow":["GET"]}}],"collection":[{"href":"https:\/\/urboowhome.com\/index.php\/wp-json\/wp\/v2\/product"}],"about":[{"href":"https:\/\/urboowhome.com\/index.php\/wp-json\/wp\/v2\/types\/product"}],"replies":[{"embeddable":true,"href":"https:\/\/urboowhome.com\/index.php\/wp-json\/wp\/v2\/comments?post=68231"}],"wp:featuredmedia":[{"embeddable":true,"href":"https:\/\/urboowhome.com\/index.php\/wp-json\/wp\/v2\/media\/68230"}],"wp:attachment":[{"href":"https:\/\/urboowhome.com\/index.php\/wp-json\/wp\/v2\/media?parent=68231"}],"wp:term":[{"taxonomy":"product_brand","embeddable":true,"href":"https:\/\/urboowhome.com\/index.php\/wp-json\/wp\/v2\/product_brand?post=68231"},{"taxonomy":"product_cat","embeddable":true,"href":"https:\/\/urboowhome.com\/index.php\/wp-json\/wp\/v2\/product_cat?post=68231"},{"taxonomy":"product_tag","embeddable":true,"href":"https:\/\/urboowhome.com\/index.php\/wp-json\/wp\/v2\/product_tag?post=68231"}],"curies":[{"name":"wp","href":"https:\/\/api.w.org\/{rel}","templated":true}]}}