{"id":68239,"date":"2025-08-07T14:05:50","date_gmt":"2025-08-07T14:05:50","guid":{"rendered":"https:\/\/urboowfb.com\/index.php\/produto\/espelho-arco-retroiluminado\/"},"modified":"2026-03-23T17:27:40","modified_gmt":"2026-03-23T17:27:40","slug":"espelho-arco-retroiluminado","status":"publish","type":"product","link":"https:\/\/urboowhome.com\/index.php\/produto\/espelho-arco-retroiluminado\/","title":{"rendered":"Espelho Arco Retroiluminado"},"content":{"rendered":"","protected":false},"excerpt":{"rendered":"<p>Espelho em arco com retroilumina\u00e7\u00e3o LED incorporada. Destaca-se pelo seu design moderno e minimalista, sendo ao mesmo tempo funcional e pr\u00e1tico. Incorpora a mais recente tecnologia, bem como uma ilumina\u00e7\u00e3o LED economizadora de energia dispon\u00edvel em diferentes cores \u00e0 escolha.<br \/>\n\u00c9 fabricado em v\u00e1rios tamanhos para ser colocado em m\u00f3veis grandes ou pequenos, consoante as suas necessidades. Ideal para dar estilo e eleg\u00e2ncia \u00e0 sua casa de banho, quarto, quarto de vestir ou qualquer outra divis\u00e3o onde o coloque.<\/p>\n","protected":false},"featured_media":68238,"comment_status":"open","ping_status":"closed","template":"","meta":[],"product_brand":[],"product_cat":[239,240],"product_tag":[],"class_list":{"0":"post-68239","1":"product","2":"type-product","3":"status-publish","4":"has-post-thumbnail","6":"product_cat-espelhos-iluminados","7":"product_cat-espelhos-iluminados-espelhos-iluminados","10":"first","11":"instock","12":"featured","13":"shipping-taxable","14":"purchasable","15":"product-type-simple"},"_links":{"self":[{"href":"https:\/\/urboowhome.com\/index.php\/wp-json\/wp\/v2\/product\/68239","targetHints":{"allow":["GET"]}}],"collection":[{"href":"https:\/\/urboowhome.com\/index.php\/wp-json\/wp\/v2\/product"}],"about":[{"href":"https:\/\/urboowhome.com\/index.php\/wp-json\/wp\/v2\/types\/product"}],"replies":[{"embeddable":true,"href":"https:\/\/urboowhome.com\/index.php\/wp-json\/wp\/v2\/comments?post=68239"}],"wp:featuredmedia":[{"embeddable":true,"href":"https:\/\/urboowhome.com\/index.php\/wp-json\/wp\/v2\/media\/68238"}],"wp:attachment":[{"href":"https:\/\/urboowhome.com\/index.php\/wp-json\/wp\/v2\/media?parent=68239"}],"wp:term":[{"taxonomy":"product_brand","embeddable":true,"href":"https:\/\/urboowhome.com\/index.php\/wp-json\/wp\/v2\/product_brand?post=68239"},{"taxonomy":"product_cat","embeddable":true,"href":"https:\/\/urboowhome.com\/index.php\/wp-json\/wp\/v2\/product_cat?post=68239"},{"taxonomy":"product_tag","embeddable":true,"href":"https:\/\/urboowhome.com\/index.php\/wp-json\/wp\/v2\/product_tag?post=68239"}],"curies":[{"name":"wp","href":"https:\/\/api.w.org\/{rel}","templated":true}]}}