{"id":68253,"date":"2025-08-07T14:06:15","date_gmt":"2025-08-07T14:06:15","guid":{"rendered":"https:\/\/urboowfb.com\/index.php\/produto\/espelho-retroiluminado-asimetrico-plama-no5\/"},"modified":"2026-03-24T09:27:45","modified_gmt":"2026-03-24T09:27:45","slug":"espelho-retroiluminado-asimetrico-plama-no5","status":"publish","type":"product","link":"https:\/\/urboowhome.com\/index.php\/produto\/espelho-retroiluminado-asimetrico-plama-no5\/","title":{"rendered":"Espelho Retroiluminado Asim\u00e9trico Plama N\u00ba5"},"content":{"rendered":"","protected":false},"excerpt":{"rendered":"<p>Com um design original e intemporal, o espelho irregular Plama N\u00ba5 OptiWhite LED \u00e9 uma pe\u00e7a que resiste \u00e0s tend\u00eancias e \u00e0 passagem do tempo. Cativa pela sua simplicidade e, ao mesmo tempo, representa leveza e delicadeza. Este espelho de design ser\u00e1 um complemento ideal para dar brilho e uma sensa\u00e7\u00e3o de amplitude a qualquer tipo de interior.<\/p>\n","protected":false},"featured_media":68252,"comment_status":"open","ping_status":"closed","template":"","meta":[],"product_brand":[],"product_cat":[239,240],"product_tag":[],"class_list":{"0":"post-68253","1":"product","2":"type-product","3":"status-publish","4":"has-post-thumbnail","6":"product_cat-espelhos-iluminados","7":"product_cat-espelhos-iluminados-espelhos-iluminados","10":"first","11":"instock","12":"featured","13":"shipping-taxable","14":"purchasable","15":"product-type-simple"},"_links":{"self":[{"href":"https:\/\/urboowhome.com\/index.php\/wp-json\/wp\/v2\/product\/68253","targetHints":{"allow":["GET"]}}],"collection":[{"href":"https:\/\/urboowhome.com\/index.php\/wp-json\/wp\/v2\/product"}],"about":[{"href":"https:\/\/urboowhome.com\/index.php\/wp-json\/wp\/v2\/types\/product"}],"replies":[{"embeddable":true,"href":"https:\/\/urboowhome.com\/index.php\/wp-json\/wp\/v2\/comments?post=68253"}],"wp:featuredmedia":[{"embeddable":true,"href":"https:\/\/urboowhome.com\/index.php\/wp-json\/wp\/v2\/media\/68252"}],"wp:attachment":[{"href":"https:\/\/urboowhome.com\/index.php\/wp-json\/wp\/v2\/media?parent=68253"}],"wp:term":[{"taxonomy":"product_brand","embeddable":true,"href":"https:\/\/urboowhome.com\/index.php\/wp-json\/wp\/v2\/product_brand?post=68253"},{"taxonomy":"product_cat","embeddable":true,"href":"https:\/\/urboowhome.com\/index.php\/wp-json\/wp\/v2\/product_cat?post=68253"},{"taxonomy":"product_tag","embeddable":true,"href":"https:\/\/urboowhome.com\/index.php\/wp-json\/wp\/v2\/product_tag?post=68253"}],"curies":[{"name":"wp","href":"https:\/\/api.w.org\/{rel}","templated":true}]}}