{"id":68263,"date":"2025-08-07T14:06:32","date_gmt":"2025-08-07T14:06:32","guid":{"rendered":"https:\/\/urboowfb.com\/index.php\/produto\/espelho-redondo-com-alca-e-luz-integrada\/"},"modified":"2026-03-23T17:27:40","modified_gmt":"2026-03-23T17:27:40","slug":"espelho-redondo-com-alca-e-luz-integrada","status":"publish","type":"product","link":"https:\/\/urboowhome.com\/index.php\/produto\/espelho-redondo-com-alca-e-luz-integrada\/","title":{"rendered":"Espelho Redondo com Al?a e Luz Integrada"},"content":{"rendered":"","protected":false},"excerpt":{"rendered":"<p>Espelho redondo com pega e luz led integrada. A eleg\u00e2ncia deste espelho destaca-se gra\u00e7as \u00e0 sua forma simples, aos pormenores requintados, bem como \u00e0 sua moldura e pega em pele dispon\u00edvel em v\u00e1rias cores \u00e0 escolha. Incorpora a mais recente tecnologia, bem como uma ilumina\u00e7\u00e3o LED economizadora de energia dispon\u00edvel em diferentes cores.<br \/>\n\u00c9 fabricado em v\u00e1rios tamanhos para ser colocado em m\u00f3veis grandes ou pequenos, de acordo com as suas necessidades. Ideal para dar estilo e eleg\u00e2ncia \u00e0 sua casa de banho, quarto, quarto de vestir ou qualquer outra divis\u00e3o onde o coloque.<\/p>\n","protected":false},"featured_media":68262,"comment_status":"open","ping_status":"closed","template":"","meta":[],"product_brand":[],"product_cat":[240],"product_tag":[],"class_list":{"0":"post-68263","1":"product","2":"type-product","3":"status-publish","4":"has-post-thumbnail","6":"product_cat-espelhos-iluminados-espelhos-iluminados","9":"first","10":"instock","11":"featured","12":"shipping-taxable","13":"purchasable","14":"product-type-simple"},"_links":{"self":[{"href":"https:\/\/urboowhome.com\/index.php\/wp-json\/wp\/v2\/product\/68263","targetHints":{"allow":["GET"]}}],"collection":[{"href":"https:\/\/urboowhome.com\/index.php\/wp-json\/wp\/v2\/product"}],"about":[{"href":"https:\/\/urboowhome.com\/index.php\/wp-json\/wp\/v2\/types\/product"}],"replies":[{"embeddable":true,"href":"https:\/\/urboowhome.com\/index.php\/wp-json\/wp\/v2\/comments?post=68263"}],"wp:featuredmedia":[{"embeddable":true,"href":"https:\/\/urboowhome.com\/index.php\/wp-json\/wp\/v2\/media\/68262"}],"wp:attachment":[{"href":"https:\/\/urboowhome.com\/index.php\/wp-json\/wp\/v2\/media?parent=68263"}],"wp:term":[{"taxonomy":"product_brand","embeddable":true,"href":"https:\/\/urboowhome.com\/index.php\/wp-json\/wp\/v2\/product_brand?post=68263"},{"taxonomy":"product_cat","embeddable":true,"href":"https:\/\/urboowhome.com\/index.php\/wp-json\/wp\/v2\/product_cat?post=68263"},{"taxonomy":"product_tag","embeddable":true,"href":"https:\/\/urboowhome.com\/index.php\/wp-json\/wp\/v2\/product_tag?post=68263"}],"curies":[{"name":"wp","href":"https:\/\/api.w.org\/{rel}","templated":true}]}}