{"id":68266,"date":"2025-08-07T14:06:40","date_gmt":"2025-08-07T14:06:40","guid":{"rendered":"https:\/\/urboowfb.com\/index.php\/produto\/selter\/"},"modified":"2026-03-23T17:27:40","modified_gmt":"2026-03-23T17:27:40","slug":"selter","status":"publish","type":"product","link":"https:\/\/urboowhome.com\/index.php\/produto\/selter\/","title":{"rendered":"Selter"},"content":{"rendered":"","protected":false},"excerpt":{"rendered":"<p>SELTER \u00e9 um candeeiro de teto ultramoderno, caracterizado por longos pingentes de metal e um design fino e elegante. A coisa toda parece leve e extremamente original. A s\u00e9rie Selter \u00e9 uma excelente escolha para quem procura solu\u00e7\u00f5es n\u00e3o padronizadas e um estilo moderno e expressivo. O produto \u00e9 de origem polonesa, com a mais alta qualidade de acabamento. Dispon\u00edvel em branco, preto ou dourado, bem como variantes com 1, 3, 4, 6 ou 9 fontes de luz.<\/p>\n","protected":false},"featured_media":68265,"comment_status":"open","ping_status":"closed","template":"","meta":[],"product_brand":[],"product_cat":[115],"product_tag":[241],"class_list":{"0":"post-68266","1":"product","2":"type-product","3":"status-publish","4":"has-post-thumbnail","6":"product_cat-pendentes","7":"product_tag-selter","10":"first","11":"instock","12":"shipping-taxable","13":"purchasable","14":"product-type-simple"},"_links":{"self":[{"href":"https:\/\/urboowhome.com\/index.php\/wp-json\/wp\/v2\/product\/68266","targetHints":{"allow":["GET"]}}],"collection":[{"href":"https:\/\/urboowhome.com\/index.php\/wp-json\/wp\/v2\/product"}],"about":[{"href":"https:\/\/urboowhome.com\/index.php\/wp-json\/wp\/v2\/types\/product"}],"replies":[{"embeddable":true,"href":"https:\/\/urboowhome.com\/index.php\/wp-json\/wp\/v2\/comments?post=68266"}],"wp:featuredmedia":[{"embeddable":true,"href":"https:\/\/urboowhome.com\/index.php\/wp-json\/wp\/v2\/media\/68265"}],"wp:attachment":[{"href":"https:\/\/urboowhome.com\/index.php\/wp-json\/wp\/v2\/media?parent=68266"}],"wp:term":[{"taxonomy":"product_brand","embeddable":true,"href":"https:\/\/urboowhome.com\/index.php\/wp-json\/wp\/v2\/product_brand?post=68266"},{"taxonomy":"product_cat","embeddable":true,"href":"https:\/\/urboowhome.com\/index.php\/wp-json\/wp\/v2\/product_cat?post=68266"},{"taxonomy":"product_tag","embeddable":true,"href":"https:\/\/urboowhome.com\/index.php\/wp-json\/wp\/v2\/product_tag?post=68266"}],"curies":[{"name":"wp","href":"https:\/\/api.w.org\/{rel}","templated":true}]}}