{"id":68268,"date":"2025-08-07T14:06:42","date_gmt":"2025-08-07T14:06:42","guid":{"rendered":"https:\/\/urboowfb.com\/index.php\/produto\/ellen-20-4\/"},"modified":"2026-03-23T17:27:40","modified_gmt":"2026-03-23T17:27:40","slug":"ellen-20-4","status":"publish","type":"product","link":"https:\/\/urboowhome.com\/index.php\/produto\/ellen-20-4\/","title":{"rendered":"Ellen 20"},"content":{"rendered":"","protected":false},"excerpt":{"rendered":"<p>A ess\u00eancia do design escandinavo \u00e9 refletida na pe\u00e7a Ellen.<br \/>\nO design simples e arredondado deste candeeiro de mesa foi alcan\u00e7ado da mais bela das formas, onde o design do equipamento proporciona uma express\u00e3o completa.<br \/>\nA grande c\u00fapula abobadada contrasta agradavelmente com a estrutura leve e, ao mesmo tempo, contribui com volume visual e um amplo campo de luz, proporcionando uma ilumina\u00e7\u00e3o agrad\u00e1vel.<\/p>\n","protected":false},"featured_media":68267,"comment_status":"open","ping_status":"closed","template":"","meta":[],"product_brand":[],"product_cat":[128],"product_tag":[],"class_list":{"0":"post-68268","1":"product","2":"type-product","3":"status-publish","4":"has-post-thumbnail","6":"product_cat-secretaria","9":"first","10":"instock","11":"featured","12":"shipping-taxable","13":"purchasable","14":"product-type-simple"},"_links":{"self":[{"href":"https:\/\/urboowhome.com\/index.php\/wp-json\/wp\/v2\/product\/68268","targetHints":{"allow":["GET"]}}],"collection":[{"href":"https:\/\/urboowhome.com\/index.php\/wp-json\/wp\/v2\/product"}],"about":[{"href":"https:\/\/urboowhome.com\/index.php\/wp-json\/wp\/v2\/types\/product"}],"replies":[{"embeddable":true,"href":"https:\/\/urboowhome.com\/index.php\/wp-json\/wp\/v2\/comments?post=68268"}],"wp:featuredmedia":[{"embeddable":true,"href":"https:\/\/urboowhome.com\/index.php\/wp-json\/wp\/v2\/media\/68267"}],"wp:attachment":[{"href":"https:\/\/urboowhome.com\/index.php\/wp-json\/wp\/v2\/media?parent=68268"}],"wp:term":[{"taxonomy":"product_brand","embeddable":true,"href":"https:\/\/urboowhome.com\/index.php\/wp-json\/wp\/v2\/product_brand?post=68268"},{"taxonomy":"product_cat","embeddable":true,"href":"https:\/\/urboowhome.com\/index.php\/wp-json\/wp\/v2\/product_cat?post=68268"},{"taxonomy":"product_tag","embeddable":true,"href":"https:\/\/urboowhome.com\/index.php\/wp-json\/wp\/v2\/product_tag?post=68268"}],"curies":[{"name":"wp","href":"https:\/\/api.w.org\/{rel}","templated":true}]}}