{"id":68276,"date":"2025-08-07T14:06:52","date_gmt":"2025-08-07T14:06:52","guid":{"rendered":"https:\/\/urboowfb.com\/index.php\/produto\/le-vita-9\/"},"modified":"2026-03-23T17:27:40","modified_gmt":"2026-03-23T17:27:40","slug":"le-vita-9","status":"publish","type":"product","link":"https:\/\/urboowhome.com\/index.php\/produto\/le-vita-9\/","title":{"rendered":"Le Vita"},"content":{"rendered":"","protected":false},"excerpt":{"rendered":"<p>A vers\u00e3o da cole\u00e7\u00e3o LE VITA, uma s\u00e9rie de CANDEEIROS de design criada pela Nahtrang, com um design delicado e simples, combina o difusor de vidro com as linhas finas da sua estrutura. A sua forma original torna-o num candeeiro suspenso e num candeeiro de p\u00e9 ao mesmo tempo, ideal para iluminar diferentes ambientes.<\/p>\n","protected":false},"featured_media":68275,"comment_status":"open","ping_status":"closed","template":"","meta":[],"product_brand":[],"product_cat":[129,115],"product_tag":[178,150,169],"class_list":{"0":"post-68276","1":"product","2":"type-product","3":"status-publish","4":"has-post-thumbnail","6":"product_cat-chao","7":"product_cat-pendentes","8":"product_tag-candeeiro","9":"product_tag-le-vita","10":"product_tag-pendente","13":"first","14":"instock","15":"shipping-taxable","16":"purchasable","17":"product-type-simple"},"_links":{"self":[{"href":"https:\/\/urboowhome.com\/index.php\/wp-json\/wp\/v2\/product\/68276","targetHints":{"allow":["GET"]}}],"collection":[{"href":"https:\/\/urboowhome.com\/index.php\/wp-json\/wp\/v2\/product"}],"about":[{"href":"https:\/\/urboowhome.com\/index.php\/wp-json\/wp\/v2\/types\/product"}],"replies":[{"embeddable":true,"href":"https:\/\/urboowhome.com\/index.php\/wp-json\/wp\/v2\/comments?post=68276"}],"wp:featuredmedia":[{"embeddable":true,"href":"https:\/\/urboowhome.com\/index.php\/wp-json\/wp\/v2\/media\/68275"}],"wp:attachment":[{"href":"https:\/\/urboowhome.com\/index.php\/wp-json\/wp\/v2\/media?parent=68276"}],"wp:term":[{"taxonomy":"product_brand","embeddable":true,"href":"https:\/\/urboowhome.com\/index.php\/wp-json\/wp\/v2\/product_brand?post=68276"},{"taxonomy":"product_cat","embeddable":true,"href":"https:\/\/urboowhome.com\/index.php\/wp-json\/wp\/v2\/product_cat?post=68276"},{"taxonomy":"product_tag","embeddable":true,"href":"https:\/\/urboowhome.com\/index.php\/wp-json\/wp\/v2\/product_tag?post=68276"}],"curies":[{"name":"wp","href":"https:\/\/api.w.org\/{rel}","templated":true}]}}