{"id":68278,"date":"2025-08-07T14:06:53","date_gmt":"2025-08-07T14:06:53","guid":{"rendered":"https:\/\/urboowfb.com\/index.php\/produto\/kendal\/"},"modified":"2026-03-23T17:27:40","modified_gmt":"2026-03-23T17:27:40","slug":"kendal","status":"publish","type":"product","link":"https:\/\/urboowhome.com\/index.php\/produto\/kendal\/","title":{"rendered":"Kendal"},"content":{"rendered":"","protected":false},"excerpt":{"rendered":"<p>Quer instale o candeeiro de exterior KENDAL na fachada da sua casa, na sua varanda ou na parede do seu p\u00e1tio, este candeeiro \u00e9 vers\u00e1til gra\u00e7as ao seu design simples. O grau de prote\u00e7\u00e3o IP54 garante a prote\u00e7\u00e3o contra a entrada de p\u00f3 e salpicos de \u00e1gua, tornando esta lumin\u00e1ria cl\u00e1ssica uma escolha ideal para utiliza\u00e7\u00e3o no exterior. O candeeiro tem um di\u00e2metro de 30 cm e cria uma agrad\u00e1vel luz branca quente. O candeeiro de exterior em pl\u00e1stico de cor antracite com uma sombra branca mate tem um aspeto moderno. A lumin\u00e1ria tamb\u00e9m possui a moderna tecnologia LED, que se caracteriza por uma elevada qualidade de luz e efici\u00eancia energ\u00e9tica. Em compara\u00e7\u00e3o com as fontes de luz de halog\u00e9neo convencionais, \u00e9 poss\u00edvel poupar at\u00e9 80% dos custos de energia. As fontes de luz LED tamb\u00e9m t\u00eam uma longa vida \u00fatil, produzem menos calor e protegem o ambiente.<\/p>\n","protected":false},"featured_media":68277,"comment_status":"open","ping_status":"closed","template":"","meta":[],"product_brand":[],"product_cat":[238],"product_tag":[],"class_list":{"0":"post-68278","1":"product","2":"type-product","3":"status-publish","4":"has-post-thumbnail","6":"product_cat-teto-exterior","9":"first","10":"instock","11":"featured","12":"shipping-taxable","13":"purchasable","14":"product-type-simple"},"_links":{"self":[{"href":"https:\/\/urboowhome.com\/index.php\/wp-json\/wp\/v2\/product\/68278","targetHints":{"allow":["GET"]}}],"collection":[{"href":"https:\/\/urboowhome.com\/index.php\/wp-json\/wp\/v2\/product"}],"about":[{"href":"https:\/\/urboowhome.com\/index.php\/wp-json\/wp\/v2\/types\/product"}],"replies":[{"embeddable":true,"href":"https:\/\/urboowhome.com\/index.php\/wp-json\/wp\/v2\/comments?post=68278"}],"wp:featuredmedia":[{"embeddable":true,"href":"https:\/\/urboowhome.com\/index.php\/wp-json\/wp\/v2\/media\/68277"}],"wp:attachment":[{"href":"https:\/\/urboowhome.com\/index.php\/wp-json\/wp\/v2\/media?parent=68278"}],"wp:term":[{"taxonomy":"product_brand","embeddable":true,"href":"https:\/\/urboowhome.com\/index.php\/wp-json\/wp\/v2\/product_brand?post=68278"},{"taxonomy":"product_cat","embeddable":true,"href":"https:\/\/urboowhome.com\/index.php\/wp-json\/wp\/v2\/product_cat?post=68278"},{"taxonomy":"product_tag","embeddable":true,"href":"https:\/\/urboowhome.com\/index.php\/wp-json\/wp\/v2\/product_tag?post=68278"}],"curies":[{"name":"wp","href":"https:\/\/api.w.org\/{rel}","templated":true}]}}