{"id":68286,"date":"2025-08-07T14:06:57","date_gmt":"2025-08-07T14:06:57","guid":{"rendered":"https:\/\/urboowfb.com\/index.php\/produto\/pontio-2\/"},"modified":"2026-03-23T17:27:40","modified_gmt":"2026-03-23T17:27:40","slug":"pontio-2","status":"publish","type":"product","link":"https:\/\/urboowhome.com\/index.php\/produto\/pontio-2\/","title":{"rendered":"Pontio"},"content":{"rendered":"","protected":false},"excerpt":{"rendered":"<p>Pontio \u00e9 uma s\u00e9rie de lumin\u00e1rias externas da dupla de design dinamarquesa. A forma geom\u00e9trica adiciona uma express\u00e3o moderna, mas atemporal, \u00e0 sua casa &#8211; enquanto a sombra obl\u00edqua proporciona uma apar\u00eancia \u00fanica e interessante de todos os \u00e2ngulos. Superf\u00edcie fosca, levemente texturizada em alum\u00ednio pintado. F\u00e1cil instala\u00e7\u00e3o no solo com a unidade base Nordlux.<\/p>\n","protected":false},"featured_media":68285,"comment_status":"open","ping_status":"closed","template":"","meta":[],"product_brand":[],"product_cat":[121],"product_tag":[],"class_list":{"0":"post-68286","1":"product","2":"type-product","3":"status-publish","4":"has-post-thumbnail","6":"product_cat-jardim","9":"first","10":"instock","11":"featured","12":"shipping-taxable","13":"purchasable","14":"product-type-simple"},"_links":{"self":[{"href":"https:\/\/urboowhome.com\/index.php\/wp-json\/wp\/v2\/product\/68286","targetHints":{"allow":["GET"]}}],"collection":[{"href":"https:\/\/urboowhome.com\/index.php\/wp-json\/wp\/v2\/product"}],"about":[{"href":"https:\/\/urboowhome.com\/index.php\/wp-json\/wp\/v2\/types\/product"}],"replies":[{"embeddable":true,"href":"https:\/\/urboowhome.com\/index.php\/wp-json\/wp\/v2\/comments?post=68286"}],"wp:featuredmedia":[{"embeddable":true,"href":"https:\/\/urboowhome.com\/index.php\/wp-json\/wp\/v2\/media\/68285"}],"wp:attachment":[{"href":"https:\/\/urboowhome.com\/index.php\/wp-json\/wp\/v2\/media?parent=68286"}],"wp:term":[{"taxonomy":"product_brand","embeddable":true,"href":"https:\/\/urboowhome.com\/index.php\/wp-json\/wp\/v2\/product_brand?post=68286"},{"taxonomy":"product_cat","embeddable":true,"href":"https:\/\/urboowhome.com\/index.php\/wp-json\/wp\/v2\/product_cat?post=68286"},{"taxonomy":"product_tag","embeddable":true,"href":"https:\/\/urboowhome.com\/index.php\/wp-json\/wp\/v2\/product_tag?post=68286"}],"curies":[{"name":"wp","href":"https:\/\/api.w.org\/{rel}","templated":true}]}}