{"id":68288,"date":"2025-08-07T14:06:59","date_gmt":"2025-08-07T14:06:59","guid":{"rendered":"https:\/\/urboowfb.com\/index.php\/produto\/espelho-retroiluminado\/"},"modified":"2026-03-23T17:27:40","modified_gmt":"2026-03-23T17:27:40","slug":"espelho-retroiluminado","status":"publish","type":"product","link":"https:\/\/urboowhome.com\/index.php\/produto\/espelho-retroiluminado\/","title":{"rendered":"Espelho Retroiluminado"},"content":{"rendered":"","protected":false},"excerpt":{"rendered":"<p>Este lindo espelho assim\u00e9trico retroiluminado gra\u00e7as ao seu design exclusivo de luz e delicada forma org\u00e2nica, trar\u00e1 um toque moderno e elegante \u00e0 decora\u00e7\u00e3o da sua casa. Ser\u00e1, sem d\u00favida, um complemento ideal para adicionar brilho e uma sensa\u00e7\u00e3o de amplitude \u00e0 sua casa de banho.<\/p>\n<p>Feito sob encomenda com cristais de excelente qualidade, alta transpar\u00eancia e brilho da B\u00e9lgica. Cuidadosamente montado para refor\u00e7ar sua originalidade e singularidade.<\/p>\n<p>Gra\u00e7as ao seu teor reduzido de ferro, os espelhos OptiWhite oferecem maior transpar\u00eancia do vidro. Este processo remove substancialmente a cor esverdeada t\u00edpica do vidro. Os espelhos t\u00eam uma maior transmiss\u00e3o de luz, o que garante uma reflex\u00e3o de melhor qualidade. Feito sob encomenda com cristais de excelente qualidade, alta transpar\u00eancia e brilho da B\u00e9lgica.<\/p>\n","protected":false},"featured_media":68287,"comment_status":"open","ping_status":"closed","template":"","meta":[],"product_brand":[],"product_cat":[240],"product_tag":[],"class_list":{"0":"post-68288","1":"product","2":"type-product","3":"status-publish","4":"has-post-thumbnail","6":"product_cat-espelhos-iluminados-espelhos-iluminados","9":"first","10":"instock","11":"featured","12":"shipping-taxable","13":"purchasable","14":"product-type-simple"},"_links":{"self":[{"href":"https:\/\/urboowhome.com\/index.php\/wp-json\/wp\/v2\/product\/68288","targetHints":{"allow":["GET"]}}],"collection":[{"href":"https:\/\/urboowhome.com\/index.php\/wp-json\/wp\/v2\/product"}],"about":[{"href":"https:\/\/urboowhome.com\/index.php\/wp-json\/wp\/v2\/types\/product"}],"replies":[{"embeddable":true,"href":"https:\/\/urboowhome.com\/index.php\/wp-json\/wp\/v2\/comments?post=68288"}],"wp:featuredmedia":[{"embeddable":true,"href":"https:\/\/urboowhome.com\/index.php\/wp-json\/wp\/v2\/media\/68287"}],"wp:attachment":[{"href":"https:\/\/urboowhome.com\/index.php\/wp-json\/wp\/v2\/media?parent=68288"}],"wp:term":[{"taxonomy":"product_brand","embeddable":true,"href":"https:\/\/urboowhome.com\/index.php\/wp-json\/wp\/v2\/product_brand?post=68288"},{"taxonomy":"product_cat","embeddable":true,"href":"https:\/\/urboowhome.com\/index.php\/wp-json\/wp\/v2\/product_cat?post=68288"},{"taxonomy":"product_tag","embeddable":true,"href":"https:\/\/urboowhome.com\/index.php\/wp-json\/wp\/v2\/product_tag?post=68288"}],"curies":[{"name":"wp","href":"https:\/\/api.w.org\/{rel}","templated":true}]}}