{"id":69877,"date":"2026-04-14T13:45:35","date_gmt":"2026-04-14T13:45:35","guid":{"rendered":"https:\/\/urboowhome.com\/index.php\/produto\/lilly-floor-lamp-brass\/"},"modified":"2026-04-14T15:47:33","modified_gmt":"2026-04-14T15:47:33","slug":"lilly-floor-lamp-brass","status":"publish","type":"product","link":"https:\/\/urboowhome.com\/index.php\/produto\/lilly-floor-lamp-brass\/","title":{"rendered":"Lilly | Floor lamp | Brass"},"content":{"rendered":"","protected":false},"excerpt":{"rendered":"<p>Lilly equilibra com maestria simplicidade e eleg\u00e2ncia. A estrutura minimalista contrasta suavemente com as c\u00fapulas de vidro opalino luminoso, que difundem uma luz quente e agrad\u00e1vel pelo ambiente.<\/p>\n","protected":false},"featured_media":69876,"comment_status":"open","ping_status":"closed","template":"","meta":[],"product_brand":[],"product_cat":[129,242,245],"product_tag":[],"class_list":{"0":"post-69877","1":"product","2":"type-product","3":"status-publish","4":"has-post-thumbnail","6":"product_cat-chao","7":"product_cat-interior","8":"product_cat-novidades","11":"first","12":"instock","13":"shipping-taxable","14":"purchasable","15":"product-type-simple"},"_links":{"self":[{"href":"https:\/\/urboowhome.com\/index.php\/wp-json\/wp\/v2\/product\/69877","targetHints":{"allow":["GET"]}}],"collection":[{"href":"https:\/\/urboowhome.com\/index.php\/wp-json\/wp\/v2\/product"}],"about":[{"href":"https:\/\/urboowhome.com\/index.php\/wp-json\/wp\/v2\/types\/product"}],"replies":[{"embeddable":true,"href":"https:\/\/urboowhome.com\/index.php\/wp-json\/wp\/v2\/comments?post=69877"}],"wp:featuredmedia":[{"embeddable":true,"href":"https:\/\/urboowhome.com\/index.php\/wp-json\/wp\/v2\/media\/69876"}],"wp:attachment":[{"href":"https:\/\/urboowhome.com\/index.php\/wp-json\/wp\/v2\/media?parent=69877"}],"wp:term":[{"taxonomy":"product_brand","embeddable":true,"href":"https:\/\/urboowhome.com\/index.php\/wp-json\/wp\/v2\/product_brand?post=69877"},{"taxonomy":"product_cat","embeddable":true,"href":"https:\/\/urboowhome.com\/index.php\/wp-json\/wp\/v2\/product_cat?post=69877"},{"taxonomy":"product_tag","embeddable":true,"href":"https:\/\/urboowhome.com\/index.php\/wp-json\/wp\/v2\/product_tag?post=69877"}],"curies":[{"name":"wp","href":"https:\/\/api.w.org\/{rel}","templated":true}]}}