{"id":69884,"date":"2026-04-14T13:46:01","date_gmt":"2026-04-14T13:46:01","guid":{"rendered":"https:\/\/urboowhome.com\/index.php\/produto\/cera-table-lamp-brushed-steel\/"},"modified":"2026-04-14T15:52:27","modified_gmt":"2026-04-14T15:52:27","slug":"cera-table-lamp-brushed-steel","status":"publish","type":"product","link":"https:\/\/urboowhome.com\/index.php\/produto\/cera-table-lamp-brushed-steel\/","title":{"rendered":"Cera | Table lamp | Brushed steel"},"content":{"rendered":"","protected":false},"excerpt":{"rendered":"<p>O acabamento em a\u00e7o escovado confere ao Cera um visual moderno e atemporal que complementa perfeitamente o estilo minimalista n\u00f3rdico. A c\u00fapula suave e arredondada adiciona equil\u00edbrio visual \u00e0 estrutura fina, criando um visual harmonioso e elegante.<\/p>\n","protected":false},"featured_media":69883,"comment_status":"open","ping_status":"closed","template":"","meta":[],"product_brand":[],"product_cat":[242,245,128],"product_tag":[],"class_list":{"0":"post-69884","1":"product","2":"type-product","3":"status-publish","4":"has-post-thumbnail","6":"product_cat-interior","7":"product_cat-novidades","8":"product_cat-secretaria","11":"first","12":"instock","13":"shipping-taxable","14":"purchasable","15":"product-type-simple"},"_links":{"self":[{"href":"https:\/\/urboowhome.com\/index.php\/wp-json\/wp\/v2\/product\/69884","targetHints":{"allow":["GET"]}}],"collection":[{"href":"https:\/\/urboowhome.com\/index.php\/wp-json\/wp\/v2\/product"}],"about":[{"href":"https:\/\/urboowhome.com\/index.php\/wp-json\/wp\/v2\/types\/product"}],"replies":[{"embeddable":true,"href":"https:\/\/urboowhome.com\/index.php\/wp-json\/wp\/v2\/comments?post=69884"}],"wp:featuredmedia":[{"embeddable":true,"href":"https:\/\/urboowhome.com\/index.php\/wp-json\/wp\/v2\/media\/69883"}],"wp:attachment":[{"href":"https:\/\/urboowhome.com\/index.php\/wp-json\/wp\/v2\/media?parent=69884"}],"wp:term":[{"taxonomy":"product_brand","embeddable":true,"href":"https:\/\/urboowhome.com\/index.php\/wp-json\/wp\/v2\/product_brand?post=69884"},{"taxonomy":"product_cat","embeddable":true,"href":"https:\/\/urboowhome.com\/index.php\/wp-json\/wp\/v2\/product_cat?post=69884"},{"taxonomy":"product_tag","embeddable":true,"href":"https:\/\/urboowhome.com\/index.php\/wp-json\/wp\/v2\/product_tag?post=69884"}],"curies":[{"name":"wp","href":"https:\/\/api.w.org\/{rel}","templated":true}]}}