{"id":69895,"date":"2026-04-14T13:46:43","date_gmt":"2026-04-14T13:46:43","guid":{"rendered":"https:\/\/urboowhome.com\/index.php\/produto\/notti-table-lamp-light-brown\/"},"modified":"2026-04-14T15:56:09","modified_gmt":"2026-04-14T15:56:09","slug":"notti-table-lamp-light-brown","status":"publish","type":"product","link":"https:\/\/urboowhome.com\/index.php\/produto\/notti-table-lamp-light-brown\/","title":{"rendered":"Notti | Table lamp | Light brown"},"content":{"rendered":"","protected":false},"excerpt":{"rendered":"<p>Notti \u00e9 a prova de que, quando forma, materiais e detalhes se alinham perfeitamente, a beleza surge naturalmente. Seu formato org\u00e2nico e harmonioso confere-lhe uma presen\u00e7a refinada e coesa, um design que se integra sem esfor\u00e7o a qualquer interior.<\/p>\n","protected":false},"featured_media":69894,"comment_status":"open","ping_status":"closed","template":"","meta":[],"product_brand":[],"product_cat":[242,245,128],"product_tag":[],"class_list":{"0":"post-69895","1":"product","2":"type-product","3":"status-publish","4":"has-post-thumbnail","6":"product_cat-interior","7":"product_cat-novidades","8":"product_cat-secretaria","11":"first","12":"instock","13":"shipping-taxable","14":"purchasable","15":"product-type-simple"},"_links":{"self":[{"href":"https:\/\/urboowhome.com\/index.php\/wp-json\/wp\/v2\/product\/69895","targetHints":{"allow":["GET"]}}],"collection":[{"href":"https:\/\/urboowhome.com\/index.php\/wp-json\/wp\/v2\/product"}],"about":[{"href":"https:\/\/urboowhome.com\/index.php\/wp-json\/wp\/v2\/types\/product"}],"replies":[{"embeddable":true,"href":"https:\/\/urboowhome.com\/index.php\/wp-json\/wp\/v2\/comments?post=69895"}],"wp:featuredmedia":[{"embeddable":true,"href":"https:\/\/urboowhome.com\/index.php\/wp-json\/wp\/v2\/media\/69894"}],"wp:attachment":[{"href":"https:\/\/urboowhome.com\/index.php\/wp-json\/wp\/v2\/media?parent=69895"}],"wp:term":[{"taxonomy":"product_brand","embeddable":true,"href":"https:\/\/urboowhome.com\/index.php\/wp-json\/wp\/v2\/product_brand?post=69895"},{"taxonomy":"product_cat","embeddable":true,"href":"https:\/\/urboowhome.com\/index.php\/wp-json\/wp\/v2\/product_cat?post=69895"},{"taxonomy":"product_tag","embeddable":true,"href":"https:\/\/urboowhome.com\/index.php\/wp-json\/wp\/v2\/product_tag?post=69895"}],"curies":[{"name":"wp","href":"https:\/\/api.w.org\/{rel}","templated":true}]}}