{"id":69919,"date":"2026-04-14T13:48:17","date_gmt":"2026-04-14T13:48:17","guid":{"rendered":"https:\/\/urboowhome.com\/index.php\/produto\/darci-floor-lamp-sand\/"},"modified":"2026-04-14T16:14:18","modified_gmt":"2026-04-14T16:14:18","slug":"darci-floor-lamp-sand","status":"publish","type":"product","link":"https:\/\/urboowhome.com\/index.php\/produto\/darci-floor-lamp-sand\/","title":{"rendered":"Darci | Floor lamp | Sand"},"content":{"rendered":"","protected":false},"excerpt":{"rendered":"<p>Com um design moderno e industrial, a s\u00e9rie Darci, da Bj\u00f8rn + Balle, \u00e9 uma adi\u00e7\u00e3o altamente funcional e est\u00e9tica para a sua casa. Perfeita para usar ao lado do sof\u00e1, da poltrona ou em qualquer outro lugar da sua casa que precise de uma ilumina\u00e7\u00e3o elegante e funcional.<\/p>\n","protected":false},"featured_media":69918,"comment_status":"open","ping_status":"closed","template":"","meta":[],"product_brand":[],"product_cat":[129,242,245],"product_tag":[],"class_list":{"0":"post-69919","1":"product","2":"type-product","3":"status-publish","4":"has-post-thumbnail","6":"product_cat-chao","7":"product_cat-interior","8":"product_cat-novidades","11":"first","12":"instock","13":"shipping-taxable","14":"purchasable","15":"product-type-simple"},"_links":{"self":[{"href":"https:\/\/urboowhome.com\/index.php\/wp-json\/wp\/v2\/product\/69919","targetHints":{"allow":["GET"]}}],"collection":[{"href":"https:\/\/urboowhome.com\/index.php\/wp-json\/wp\/v2\/product"}],"about":[{"href":"https:\/\/urboowhome.com\/index.php\/wp-json\/wp\/v2\/types\/product"}],"replies":[{"embeddable":true,"href":"https:\/\/urboowhome.com\/index.php\/wp-json\/wp\/v2\/comments?post=69919"}],"wp:featuredmedia":[{"embeddable":true,"href":"https:\/\/urboowhome.com\/index.php\/wp-json\/wp\/v2\/media\/69918"}],"wp:attachment":[{"href":"https:\/\/urboowhome.com\/index.php\/wp-json\/wp\/v2\/media?parent=69919"}],"wp:term":[{"taxonomy":"product_brand","embeddable":true,"href":"https:\/\/urboowhome.com\/index.php\/wp-json\/wp\/v2\/product_brand?post=69919"},{"taxonomy":"product_cat","embeddable":true,"href":"https:\/\/urboowhome.com\/index.php\/wp-json\/wp\/v2\/product_cat?post=69919"},{"taxonomy":"product_tag","embeddable":true,"href":"https:\/\/urboowhome.com\/index.php\/wp-json\/wp\/v2\/product_tag?post=69919"}],"curies":[{"name":"wp","href":"https:\/\/api.w.org\/{rel}","templated":true}]}}