{"id":69928,"date":"2026-04-14T13:48:51","date_gmt":"2026-04-14T13:48:51","guid":{"rendered":"https:\/\/urboowhome.com\/index.php\/produto\/ellen-mini-table-lamp-dark-green\/"},"modified":"2026-04-14T16:11:24","modified_gmt":"2026-04-14T16:11:24","slug":"ellen-mini-table-lamp-dark-green","status":"publish","type":"product","link":"https:\/\/urboowhome.com\/index.php\/produto\/ellen-mini-table-lamp-dark-green\/","title":{"rendered":"Ellen Mini | Table lamp | Dark green"},"content":{"rendered":"","protected":false},"excerpt":{"rendered":"<p>Com refer\u00eancias ao design escandinavo minimalista e atemporal, Ellen integra-se perfeitamente \u00e0 maioria dos estilos de decora\u00e7\u00e3o. Esta colorida &#8220;mini vers\u00e3o&#8221; \u00e9 ideal para iluminar uma prateleira, peitoril de janela, quarto infantil ou qualquer espa\u00e7o reduzido.<\/p>\n","protected":false},"featured_media":69927,"comment_status":"open","ping_status":"closed","template":"","meta":[],"product_brand":[],"product_cat":[242,245,128],"product_tag":[],"class_list":{"0":"post-69928","1":"product","2":"type-product","3":"status-publish","4":"has-post-thumbnail","6":"product_cat-interior","7":"product_cat-novidades","8":"product_cat-secretaria","11":"first","12":"instock","13":"shipping-taxable","14":"purchasable","15":"product-type-simple"},"_links":{"self":[{"href":"https:\/\/urboowhome.com\/index.php\/wp-json\/wp\/v2\/product\/69928","targetHints":{"allow":["GET"]}}],"collection":[{"href":"https:\/\/urboowhome.com\/index.php\/wp-json\/wp\/v2\/product"}],"about":[{"href":"https:\/\/urboowhome.com\/index.php\/wp-json\/wp\/v2\/types\/product"}],"replies":[{"embeddable":true,"href":"https:\/\/urboowhome.com\/index.php\/wp-json\/wp\/v2\/comments?post=69928"}],"wp:featuredmedia":[{"embeddable":true,"href":"https:\/\/urboowhome.com\/index.php\/wp-json\/wp\/v2\/media\/69927"}],"wp:attachment":[{"href":"https:\/\/urboowhome.com\/index.php\/wp-json\/wp\/v2\/media?parent=69928"}],"wp:term":[{"taxonomy":"product_brand","embeddable":true,"href":"https:\/\/urboowhome.com\/index.php\/wp-json\/wp\/v2\/product_brand?post=69928"},{"taxonomy":"product_cat","embeddable":true,"href":"https:\/\/urboowhome.com\/index.php\/wp-json\/wp\/v2\/product_cat?post=69928"},{"taxonomy":"product_tag","embeddable":true,"href":"https:\/\/urboowhome.com\/index.php\/wp-json\/wp\/v2\/product_tag?post=69928"}],"curies":[{"name":"wp","href":"https:\/\/api.w.org\/{rel}","templated":true}]}}