{"id":69933,"date":"2026-04-14T13:49:07","date_gmt":"2026-04-14T13:49:07","guid":{"rendered":"https:\/\/urboowhome.com\/index.php\/produto\/darci-short-wall-light-sand\/"},"modified":"2026-04-14T16:17:12","modified_gmt":"2026-04-14T16:17:12","slug":"darci-short-wall-light-sand","status":"publish","type":"product","link":"https:\/\/urboowhome.com\/index.php\/produto\/darci-short-wall-light-sand\/","title":{"rendered":"Darci Short | Wall light | Sand"},"content":{"rendered":"","protected":false},"excerpt":{"rendered":"<p>Com um design moderno e industrial, a s\u00e9rie Darci, da Bj\u00f8rn + Balle, \u00e9 uma adi\u00e7\u00e3o altamente funcional e est\u00e9tica para a sua casa. Perfeita como candeeiro de cabeceira, sobre a bancada da cozinha ou em qualquer outro lugar da sua casa que precise de uma ilumina\u00e7\u00e3o elegante e funcional.<\/p>\n","protected":false},"featured_media":69932,"comment_status":"open","ping_status":"closed","template":"","meta":[],"product_brand":[],"product_cat":[245,119],"product_tag":[],"class_list":{"0":"post-69933","1":"product","2":"type-product","3":"status-publish","4":"has-post-thumbnail","6":"product_cat-novidades","7":"product_cat-parede","10":"first","11":"instock","12":"shipping-taxable","13":"purchasable","14":"product-type-simple"},"_links":{"self":[{"href":"https:\/\/urboowhome.com\/index.php\/wp-json\/wp\/v2\/product\/69933","targetHints":{"allow":["GET"]}}],"collection":[{"href":"https:\/\/urboowhome.com\/index.php\/wp-json\/wp\/v2\/product"}],"about":[{"href":"https:\/\/urboowhome.com\/index.php\/wp-json\/wp\/v2\/types\/product"}],"replies":[{"embeddable":true,"href":"https:\/\/urboowhome.com\/index.php\/wp-json\/wp\/v2\/comments?post=69933"}],"wp:featuredmedia":[{"embeddable":true,"href":"https:\/\/urboowhome.com\/index.php\/wp-json\/wp\/v2\/media\/69932"}],"wp:attachment":[{"href":"https:\/\/urboowhome.com\/index.php\/wp-json\/wp\/v2\/media?parent=69933"}],"wp:term":[{"taxonomy":"product_brand","embeddable":true,"href":"https:\/\/urboowhome.com\/index.php\/wp-json\/wp\/v2\/product_brand?post=69933"},{"taxonomy":"product_cat","embeddable":true,"href":"https:\/\/urboowhome.com\/index.php\/wp-json\/wp\/v2\/product_cat?post=69933"},{"taxonomy":"product_tag","embeddable":true,"href":"https:\/\/urboowhome.com\/index.php\/wp-json\/wp\/v2\/product_tag?post=69933"}],"curies":[{"name":"wp","href":"https:\/\/api.w.org\/{rel}","templated":true}]}}