{"id":69946,"date":"2026-04-14T13:49:55","date_gmt":"2026-04-14T13:49:55","guid":{"rendered":"https:\/\/urboowhome.com\/index.php\/produto\/ilgas-pendant-dark-brown\/"},"modified":"2026-04-14T16:25:17","modified_gmt":"2026-04-14T16:25:17","slug":"ilgas-pendant-dark-brown","status":"publish","type":"product","link":"https:\/\/urboowhome.com\/index.php\/produto\/ilgas-pendant-dark-brown\/","title":{"rendered":"Ilgas | Pendant | Dark brown"},"content":{"rendered":"","protected":false},"excerpt":{"rendered":"<p><span dir=\"auto\">Design escandinavo elegante e est\u00e9tica minimalista definem o pendente Ilgas. Instale-o sobre a mesa de jantar ou bancada da cozinha e crie a ilumina\u00e7\u00e3o perfeita, com intensidade ajust\u00e1vel conforme a necessidade.<\/span><\/p>\n<p><span dir=\"auto\">Varia\u00e7\u00f5es de cor podem ocorrer devido \u00e0 natureza da madeira.<\/span><\/p>\n<p><span dir=\"auto\">A altura do candeeiro pode ser ajustada escondendo parte do cabo dentro da canopla, evitando cortes. Com parte do cabo escondida, o candeeiro pode ser instalado com um comprimento m\u00ednimo de cabo de 60 cm.<\/span><\/p>\n","protected":false},"featured_media":69945,"comment_status":"open","ping_status":"closed","template":"","meta":[],"product_brand":[],"product_cat":[242,245,115],"product_tag":[],"class_list":{"0":"post-69946","1":"product","2":"type-product","3":"status-publish","4":"has-post-thumbnail","6":"product_cat-interior","7":"product_cat-novidades","8":"product_cat-pendentes","11":"first","12":"instock","13":"shipping-taxable","14":"purchasable","15":"product-type-simple"},"_links":{"self":[{"href":"https:\/\/urboowhome.com\/index.php\/wp-json\/wp\/v2\/product\/69946","targetHints":{"allow":["GET"]}}],"collection":[{"href":"https:\/\/urboowhome.com\/index.php\/wp-json\/wp\/v2\/product"}],"about":[{"href":"https:\/\/urboowhome.com\/index.php\/wp-json\/wp\/v2\/types\/product"}],"replies":[{"embeddable":true,"href":"https:\/\/urboowhome.com\/index.php\/wp-json\/wp\/v2\/comments?post=69946"}],"wp:featuredmedia":[{"embeddable":true,"href":"https:\/\/urboowhome.com\/index.php\/wp-json\/wp\/v2\/media\/69945"}],"wp:attachment":[{"href":"https:\/\/urboowhome.com\/index.php\/wp-json\/wp\/v2\/media?parent=69946"}],"wp:term":[{"taxonomy":"product_brand","embeddable":true,"href":"https:\/\/urboowhome.com\/index.php\/wp-json\/wp\/v2\/product_brand?post=69946"},{"taxonomy":"product_cat","embeddable":true,"href":"https:\/\/urboowhome.com\/index.php\/wp-json\/wp\/v2\/product_cat?post=69946"},{"taxonomy":"product_tag","embeddable":true,"href":"https:\/\/urboowhome.com\/index.php\/wp-json\/wp\/v2\/product_tag?post=69946"}],"curies":[{"name":"wp","href":"https:\/\/api.w.org\/{rel}","templated":true}]}}