{"id":69975,"date":"2026-04-14T13:52:17","date_gmt":"2026-04-14T13:52:17","guid":{"rendered":"https:\/\/urboowhome.com\/index.php\/produto\/ellen-to-go-battery-light-brown\/"},"modified":"2026-04-14T16:39:58","modified_gmt":"2026-04-14T16:39:58","slug":"ellen-to-go-battery-light-brown","status":"publish","type":"product","link":"https:\/\/urboowhome.com\/index.php\/produto\/ellen-to-go-battery-light-brown\/","title":{"rendered":"Ellen To-Go | Battery light | Brown"},"content":{"rendered":"","protected":false},"excerpt":{"rendered":"<p>Com refer\u00eancias ao design escandinavo minimalista e atemporal, Ellen integra-se perfeitamente \u00e0 maioria dos ambientes. Esta vers\u00e3o &#8220;mini&#8221; port\u00e1til pode ser usada tanto em ambientes internos quanto externos e possui tr\u00eas n\u00edveis de intensidade luminosa para criar a atmosfera perfeita. A bateria pode ser facilmente carregada colocando o candeeiro na base de carregamento inclusa.<\/p>\n","protected":false},"featured_media":69974,"comment_status":"open","ping_status":"closed","template":"","meta":[],"product_brand":[],"product_cat":[243,242,121,245],"product_tag":[],"class_list":{"0":"post-69975","1":"product","2":"type-product","3":"status-publish","4":"has-post-thumbnail","6":"product_cat-exterior","7":"product_cat-interior","8":"product_cat-jardim","9":"product_cat-novidades","12":"first","13":"instock","14":"shipping-taxable","15":"purchasable","16":"product-type-simple"},"_links":{"self":[{"href":"https:\/\/urboowhome.com\/index.php\/wp-json\/wp\/v2\/product\/69975","targetHints":{"allow":["GET"]}}],"collection":[{"href":"https:\/\/urboowhome.com\/index.php\/wp-json\/wp\/v2\/product"}],"about":[{"href":"https:\/\/urboowhome.com\/index.php\/wp-json\/wp\/v2\/types\/product"}],"replies":[{"embeddable":true,"href":"https:\/\/urboowhome.com\/index.php\/wp-json\/wp\/v2\/comments?post=69975"}],"wp:featuredmedia":[{"embeddable":true,"href":"https:\/\/urboowhome.com\/index.php\/wp-json\/wp\/v2\/media\/69974"}],"wp:attachment":[{"href":"https:\/\/urboowhome.com\/index.php\/wp-json\/wp\/v2\/media?parent=69975"}],"wp:term":[{"taxonomy":"product_brand","embeddable":true,"href":"https:\/\/urboowhome.com\/index.php\/wp-json\/wp\/v2\/product_brand?post=69975"},{"taxonomy":"product_cat","embeddable":true,"href":"https:\/\/urboowhome.com\/index.php\/wp-json\/wp\/v2\/product_cat?post=69975"},{"taxonomy":"product_tag","embeddable":true,"href":"https:\/\/urboowhome.com\/index.php\/wp-json\/wp\/v2\/product_tag?post=69975"}],"curies":[{"name":"wp","href":"https:\/\/api.w.org\/{rel}","templated":true}]}}