{"id":69995,"date":"2026-04-14T13:54:25","date_gmt":"2026-04-14T13:54:25","guid":{"rendered":"https:\/\/urboowhome.com\/index.php\/produto\/serenova-28-ceiling-light-white\/"},"modified":"2026-04-14T16:48:19","modified_gmt":"2026-04-14T16:48:19","slug":"serenova-28-ceiling-light-white","status":"publish","type":"product","link":"https:\/\/urboowhome.com\/index.php\/produto\/serenova-28-ceiling-light-white\/","title":{"rendered":"Serenova 28 | Ceiling light | White"},"content":{"rendered":"","protected":false},"excerpt":{"rendered":"<p>O candeeiro de teto Serenova, com design simples e elegante, possui classifica\u00e7\u00e3o IP65, sendo ideal para casa de banho. Escolha entre 10 ou 15 watts e 3000K, 4000K ou 5700K durante a instala\u00e7\u00e3o para combinar com a temperatura de cor desejada. Suporta conex\u00e3o em paralelo para facilitar a instala\u00e7\u00e3o em s\u00e9rie.<\/p>\n","protected":false},"featured_media":69994,"comment_status":"open","ping_status":"closed","template":"","meta":[],"product_brand":[],"product_cat":[137,242,245,138],"product_tag":[],"class_list":{"0":"post-69995","1":"product","2":"type-product","3":"status-publish","4":"has-post-thumbnail","6":"product_cat-casa-de-banho","7":"product_cat-interior","8":"product_cat-novidades","9":"product_cat-teto","12":"first","13":"instock","14":"shipping-taxable","15":"purchasable","16":"product-type-simple"},"_links":{"self":[{"href":"https:\/\/urboowhome.com\/index.php\/wp-json\/wp\/v2\/product\/69995","targetHints":{"allow":["GET"]}}],"collection":[{"href":"https:\/\/urboowhome.com\/index.php\/wp-json\/wp\/v2\/product"}],"about":[{"href":"https:\/\/urboowhome.com\/index.php\/wp-json\/wp\/v2\/types\/product"}],"replies":[{"embeddable":true,"href":"https:\/\/urboowhome.com\/index.php\/wp-json\/wp\/v2\/comments?post=69995"}],"wp:featuredmedia":[{"embeddable":true,"href":"https:\/\/urboowhome.com\/index.php\/wp-json\/wp\/v2\/media\/69994"}],"wp:attachment":[{"href":"https:\/\/urboowhome.com\/index.php\/wp-json\/wp\/v2\/media?parent=69995"}],"wp:term":[{"taxonomy":"product_brand","embeddable":true,"href":"https:\/\/urboowhome.com\/index.php\/wp-json\/wp\/v2\/product_brand?post=69995"},{"taxonomy":"product_cat","embeddable":true,"href":"https:\/\/urboowhome.com\/index.php\/wp-json\/wp\/v2\/product_cat?post=69995"},{"taxonomy":"product_tag","embeddable":true,"href":"https:\/\/urboowhome.com\/index.php\/wp-json\/wp\/v2\/product_tag?post=69995"}],"curies":[{"name":"wp","href":"https:\/\/api.w.org\/{rel}","templated":true}]}}