{"id":70029,"date":"2026-04-14T13:57:13","date_gmt":"2026-04-14T13:57:13","guid":{"rendered":"https:\/\/urboowhome.com\/index.php\/produto\/penelopa-42-switch-dim-2700-4000k-ceiling-light-white\/"},"modified":"2026-04-14T14:43:26","modified_gmt":"2026-04-14T14:43:26","slug":"penelopa-42-switch-dim-2700-4000k-ceiling-light-white","status":"publish","type":"product","link":"https:\/\/urboowhome.com\/index.php\/produto\/penelopa-42-switch-dim-2700-4000k-ceiling-light-white\/","title":{"rendered":"Penelopa 42 | Switch Dim | 2700\/4000K | Ceiling light | White"},"content":{"rendered":"","protected":false},"excerpt":{"rendered":"<p>O candeeiro Penelopa possui um design limpo e minimalista que se integra naturalmente em interiores modernos. Ela oferece alta qualidade de luz (RA90) e instala\u00e7\u00e3o flex\u00edvel com acesso aos cabos pela parte superior ou lateral. Durante a instala\u00e7\u00e3o, pode escolher entre luz branca quente (2700K) e luz branca fria (4000K) para adequar a temperatura de cor \u00e0 sua prefer\u00eancia.<\/p>\n","protected":false},"featured_media":70028,"comment_status":"open","ping_status":"closed","template":"","meta":[],"product_brand":[],"product_cat":[242,245,138],"product_tag":[],"class_list":{"0":"post-70029","1":"product","2":"type-product","3":"status-publish","4":"has-post-thumbnail","6":"product_cat-interior","7":"product_cat-novidades","8":"product_cat-teto","11":"first","12":"instock","13":"shipping-taxable","14":"purchasable","15":"product-type-simple"},"_links":{"self":[{"href":"https:\/\/urboowhome.com\/index.php\/wp-json\/wp\/v2\/product\/70029","targetHints":{"allow":["GET"]}}],"collection":[{"href":"https:\/\/urboowhome.com\/index.php\/wp-json\/wp\/v2\/product"}],"about":[{"href":"https:\/\/urboowhome.com\/index.php\/wp-json\/wp\/v2\/types\/product"}],"replies":[{"embeddable":true,"href":"https:\/\/urboowhome.com\/index.php\/wp-json\/wp\/v2\/comments?post=70029"}],"wp:featuredmedia":[{"embeddable":true,"href":"https:\/\/urboowhome.com\/index.php\/wp-json\/wp\/v2\/media\/70028"}],"wp:attachment":[{"href":"https:\/\/urboowhome.com\/index.php\/wp-json\/wp\/v2\/media?parent=70029"}],"wp:term":[{"taxonomy":"product_brand","embeddable":true,"href":"https:\/\/urboowhome.com\/index.php\/wp-json\/wp\/v2\/product_brand?post=70029"},{"taxonomy":"product_cat","embeddable":true,"href":"https:\/\/urboowhome.com\/index.php\/wp-json\/wp\/v2\/product_cat?post=70029"},{"taxonomy":"product_tag","embeddable":true,"href":"https:\/\/urboowhome.com\/index.php\/wp-json\/wp\/v2\/product_tag?post=70029"}],"curies":[{"name":"wp","href":"https:\/\/api.w.org\/{rel}","templated":true}]}}