{"id":70054,"date":"2026-04-14T13:59:34","date_gmt":"2026-04-14T13:59:34","guid":{"rendered":"https:\/\/urboowhome.com\/index.php\/produto\/explore-link-short-spot-track-light-white\/"},"modified":"2026-04-14T14:45:10","modified_gmt":"2026-04-14T14:45:10","slug":"explore-link-short-spot-track-light-white","status":"publish","type":"product","link":"https:\/\/urboowhome.com\/index.php\/produto\/explore-link-short-spot-track-light-white\/","title":{"rendered":"Explore Link Short Spot | Track Light | White"},"content":{"rendered":"","protected":false},"excerpt":{"rendered":"<p>A s\u00e9rie Explore \u00e9 uma linha de candeeiros elegante com um design simples e moderno. A cabe\u00e7a de luz girat\u00f3ria e flex\u00edvel emite uma luz precisa que pode ser direcionada para onde voc\u00ea precisar. Compat\u00edvel com o sistema Nordlux Link, que permite instala\u00e7\u00e3o e movimenta\u00e7\u00e3o f\u00e1ceis e r\u00e1pidas.<\/p>\n","protected":false},"featured_media":70053,"comment_status":"open","ping_status":"closed","template":"","meta":[],"product_brand":[],"product_cat":[160,242,245],"product_tag":[],"class_list":{"0":"post-70054","1":"product","2":"type-product","3":"status-publish","4":"has-post-thumbnail","6":"product_cat-carril","7":"product_cat-interior","8":"product_cat-novidades","11":"first","12":"instock","13":"shipping-taxable","14":"purchasable","15":"product-type-simple"},"_links":{"self":[{"href":"https:\/\/urboowhome.com\/index.php\/wp-json\/wp\/v2\/product\/70054","targetHints":{"allow":["GET"]}}],"collection":[{"href":"https:\/\/urboowhome.com\/index.php\/wp-json\/wp\/v2\/product"}],"about":[{"href":"https:\/\/urboowhome.com\/index.php\/wp-json\/wp\/v2\/types\/product"}],"replies":[{"embeddable":true,"href":"https:\/\/urboowhome.com\/index.php\/wp-json\/wp\/v2\/comments?post=70054"}],"wp:featuredmedia":[{"embeddable":true,"href":"https:\/\/urboowhome.com\/index.php\/wp-json\/wp\/v2\/media\/70053"}],"wp:attachment":[{"href":"https:\/\/urboowhome.com\/index.php\/wp-json\/wp\/v2\/media?parent=70054"}],"wp:term":[{"taxonomy":"product_brand","embeddable":true,"href":"https:\/\/urboowhome.com\/index.php\/wp-json\/wp\/v2\/product_brand?post=70054"},{"taxonomy":"product_cat","embeddable":true,"href":"https:\/\/urboowhome.com\/index.php\/wp-json\/wp\/v2\/product_cat?post=70054"},{"taxonomy":"product_tag","embeddable":true,"href":"https:\/\/urboowhome.com\/index.php\/wp-json\/wp\/v2\/product_tag?post=70054"}],"curies":[{"name":"wp","href":"https:\/\/api.w.org\/{rel}","templated":true}]}}