{"id":70075,"date":"2026-04-14T14:01:55","date_gmt":"2026-04-14T14:01:55","guid":{"rendered":"https:\/\/urboowhome.com\/index.php\/produto\/cavara-wall-light-brass\/"},"modified":"2026-04-14T14:46:27","modified_gmt":"2026-04-14T14:46:27","slug":"cavara-wall-light-brass","status":"publish","type":"product","link":"https:\/\/urboowhome.com\/index.php\/produto\/cavara-wall-light-brass\/","title":{"rendered":"Cavara | Wall light | Brass"},"content":{"rendered":"","protected":false},"excerpt":{"rendered":"<p>Cavara \u00e9 um candeeiro de parede decorativo com um design exclusivo inspirado na art d\u00e9co. Com classifica\u00e7\u00e3o IP44, \u00e9 adequada para casa de banho. Escolha entre luz branca (3000K) ou luz branca fria (4000K) durante a instala\u00e7\u00e3o, dependendo do ambiente que deseja criar. A alta qualidade da luz (RA90) garante uma reprodu\u00e7\u00e3o de cores precisa.<\/p>\n","protected":false},"featured_media":70074,"comment_status":"open","ping_status":"closed","template":"","meta":[],"product_brand":[],"product_cat":[137,242,245,119],"product_tag":[],"class_list":{"0":"post-70075","1":"product","2":"type-product","3":"status-publish","4":"has-post-thumbnail","6":"product_cat-casa-de-banho","7":"product_cat-interior","8":"product_cat-novidades","9":"product_cat-parede","12":"first","13":"instock","14":"shipping-taxable","15":"purchasable","16":"product-type-simple"},"_links":{"self":[{"href":"https:\/\/urboowhome.com\/index.php\/wp-json\/wp\/v2\/product\/70075","targetHints":{"allow":["GET"]}}],"collection":[{"href":"https:\/\/urboowhome.com\/index.php\/wp-json\/wp\/v2\/product"}],"about":[{"href":"https:\/\/urboowhome.com\/index.php\/wp-json\/wp\/v2\/types\/product"}],"replies":[{"embeddable":true,"href":"https:\/\/urboowhome.com\/index.php\/wp-json\/wp\/v2\/comments?post=70075"}],"wp:featuredmedia":[{"embeddable":true,"href":"https:\/\/urboowhome.com\/index.php\/wp-json\/wp\/v2\/media\/70074"}],"wp:attachment":[{"href":"https:\/\/urboowhome.com\/index.php\/wp-json\/wp\/v2\/media?parent=70075"}],"wp:term":[{"taxonomy":"product_brand","embeddable":true,"href":"https:\/\/urboowhome.com\/index.php\/wp-json\/wp\/v2\/product_brand?post=70075"},{"taxonomy":"product_cat","embeddable":true,"href":"https:\/\/urboowhome.com\/index.php\/wp-json\/wp\/v2\/product_cat?post=70075"},{"taxonomy":"product_tag","embeddable":true,"href":"https:\/\/urboowhome.com\/index.php\/wp-json\/wp\/v2\/product_tag?post=70075"}],"curies":[{"name":"wp","href":"https:\/\/api.w.org\/{rel}","templated":true}]}}