{"id":70107,"date":"2026-04-14T14:04:53","date_gmt":"2026-04-14T14:04:53","guid":{"rendered":"https:\/\/urboowhome.com\/index.php\/produto\/sandro-pendant-light-brown\/"},"modified":"2026-04-14T14:49:02","modified_gmt":"2026-04-14T14:49:02","slug":"sandro-pendant-light-brown","status":"publish","type":"product","link":"https:\/\/urboowhome.com\/index.php\/produto\/sandro-pendant-light-brown\/","title":{"rendered":"Sandro | Pendant | Light brown"},"content":{"rendered":"","protected":false},"excerpt":{"rendered":"<p>Sandro personifica o design escandinavo minimalista com uma forma simples e arredondada e um detalhe elegante no topo da c\u00fapula que lhe confere um toque subtil de personalidade. O seu design minimalista adapta-se na perfei\u00e7\u00e3o a uma mesa de jantar.<\/p>\n","protected":false},"featured_media":70106,"comment_status":"open","ping_status":"closed","template":"","meta":[],"product_brand":[],"product_cat":[242,245,115],"product_tag":[],"class_list":{"0":"post-70107","1":"product","2":"type-product","3":"status-publish","4":"has-post-thumbnail","6":"product_cat-interior","7":"product_cat-novidades","8":"product_cat-pendentes","11":"first","12":"instock","13":"shipping-taxable","14":"purchasable","15":"product-type-simple"},"_links":{"self":[{"href":"https:\/\/urboowhome.com\/index.php\/wp-json\/wp\/v2\/product\/70107","targetHints":{"allow":["GET"]}}],"collection":[{"href":"https:\/\/urboowhome.com\/index.php\/wp-json\/wp\/v2\/product"}],"about":[{"href":"https:\/\/urboowhome.com\/index.php\/wp-json\/wp\/v2\/types\/product"}],"replies":[{"embeddable":true,"href":"https:\/\/urboowhome.com\/index.php\/wp-json\/wp\/v2\/comments?post=70107"}],"wp:featuredmedia":[{"embeddable":true,"href":"https:\/\/urboowhome.com\/index.php\/wp-json\/wp\/v2\/media\/70106"}],"wp:attachment":[{"href":"https:\/\/urboowhome.com\/index.php\/wp-json\/wp\/v2\/media?parent=70107"}],"wp:term":[{"taxonomy":"product_brand","embeddable":true,"href":"https:\/\/urboowhome.com\/index.php\/wp-json\/wp\/v2\/product_brand?post=70107"},{"taxonomy":"product_cat","embeddable":true,"href":"https:\/\/urboowhome.com\/index.php\/wp-json\/wp\/v2\/product_cat?post=70107"},{"taxonomy":"product_tag","embeddable":true,"href":"https:\/\/urboowhome.com\/index.php\/wp-json\/wp\/v2\/product_tag?post=70107"}],"curies":[{"name":"wp","href":"https:\/\/api.w.org\/{rel}","templated":true}]}}