{"id":70129,"date":"2026-04-14T14:06:16","date_gmt":"2026-04-14T14:06:16","guid":{"rendered":"https:\/\/urboowhome.com\/index.php\/produto\/louella-20-pendant-black\/"},"modified":"2026-04-14T14:50:44","modified_gmt":"2026-04-14T14:50:44","slug":"louella-20-pendant-black","status":"publish","type":"product","link":"https:\/\/urboowhome.com\/index.php\/produto\/louella-20-pendant-black\/","title":{"rendered":"Louella 20 | Pendant | Black"},"content":{"rendered":"","protected":false},"excerpt":{"rendered":"<p>Louella destaca-se pelo seu formato robusto e moderno, e pela superf\u00edcie acetinada que transmite uma sensa\u00e7\u00e3o contempor\u00e2nea e elegante. O design simples, com a luz direcionada para baixo, proporciona uma ilumina\u00e7\u00e3o agrad\u00e1vel e funcional \u2013 perfeita para iluminar uma mesa de jantar, bancada de cozinha ou ilha.<\/p>\n","protected":false},"featured_media":70128,"comment_status":"open","ping_status":"closed","template":"","meta":[],"product_brand":[],"product_cat":[242,245,115],"product_tag":[],"class_list":{"0":"post-70129","1":"product","2":"type-product","3":"status-publish","4":"has-post-thumbnail","6":"product_cat-interior","7":"product_cat-novidades","8":"product_cat-pendentes","11":"first","12":"instock","13":"shipping-taxable","14":"purchasable","15":"product-type-simple"},"_links":{"self":[{"href":"https:\/\/urboowhome.com\/index.php\/wp-json\/wp\/v2\/product\/70129","targetHints":{"allow":["GET"]}}],"collection":[{"href":"https:\/\/urboowhome.com\/index.php\/wp-json\/wp\/v2\/product"}],"about":[{"href":"https:\/\/urboowhome.com\/index.php\/wp-json\/wp\/v2\/types\/product"}],"replies":[{"embeddable":true,"href":"https:\/\/urboowhome.com\/index.php\/wp-json\/wp\/v2\/comments?post=70129"}],"wp:featuredmedia":[{"embeddable":true,"href":"https:\/\/urboowhome.com\/index.php\/wp-json\/wp\/v2\/media\/70128"}],"wp:attachment":[{"href":"https:\/\/urboowhome.com\/index.php\/wp-json\/wp\/v2\/media?parent=70129"}],"wp:term":[{"taxonomy":"product_brand","embeddable":true,"href":"https:\/\/urboowhome.com\/index.php\/wp-json\/wp\/v2\/product_brand?post=70129"},{"taxonomy":"product_cat","embeddable":true,"href":"https:\/\/urboowhome.com\/index.php\/wp-json\/wp\/v2\/product_cat?post=70129"},{"taxonomy":"product_tag","embeddable":true,"href":"https:\/\/urboowhome.com\/index.php\/wp-json\/wp\/v2\/product_tag?post=70129"}],"curies":[{"name":"wp","href":"https:\/\/api.w.org\/{rel}","templated":true}]}}