{"id":70142,"date":"2026-04-14T14:07:10","date_gmt":"2026-04-14T14:07:10","guid":{"rendered":"https:\/\/urboowhome.com\/index.php\/produto\/louella-wall-light-black\/"},"modified":"2026-04-14T14:51:44","modified_gmt":"2026-04-14T14:51:44","slug":"louella-wall-light-black","status":"publish","type":"product","link":"https:\/\/urboowhome.com\/index.php\/produto\/louella-wall-light-black\/","title":{"rendered":"Louella | Wall light | Black"},"content":{"rendered":"","protected":false},"excerpt":{"rendered":"<p><span dir=\"auto\">Louella destaca-se pelo seu formato robusto e moderno, com uma superf\u00edcie acetinada que transmite eleg\u00e2ncia e modernidade. O foco ajust\u00e1vel permite direcionar a luz exatamente para onde voc\u00ea precisa \u2013 ideal para leitura ou para criar uma ilumina\u00e7\u00e3o funcional e focada em sua casa.<\/span><\/p>\n<p><span dir=\"auto\">O candeeiro foi projetado para controle individual atrav\u00e9s do bot\u00e3o de toque integrado, e n\u00e3o por um interruptor de parede.<\/span><\/p>\n","protected":false},"featured_media":70141,"comment_status":"open","ping_status":"closed","template":"","meta":[],"product_brand":[],"product_cat":[242,245,119],"product_tag":[],"class_list":{"0":"post-70142","1":"product","2":"type-product","3":"status-publish","4":"has-post-thumbnail","6":"product_cat-interior","7":"product_cat-novidades","8":"product_cat-parede","11":"first","12":"instock","13":"shipping-taxable","14":"purchasable","15":"product-type-simple"},"_links":{"self":[{"href":"https:\/\/urboowhome.com\/index.php\/wp-json\/wp\/v2\/product\/70142","targetHints":{"allow":["GET"]}}],"collection":[{"href":"https:\/\/urboowhome.com\/index.php\/wp-json\/wp\/v2\/product"}],"about":[{"href":"https:\/\/urboowhome.com\/index.php\/wp-json\/wp\/v2\/types\/product"}],"replies":[{"embeddable":true,"href":"https:\/\/urboowhome.com\/index.php\/wp-json\/wp\/v2\/comments?post=70142"}],"wp:featuredmedia":[{"embeddable":true,"href":"https:\/\/urboowhome.com\/index.php\/wp-json\/wp\/v2\/media\/70141"}],"wp:attachment":[{"href":"https:\/\/urboowhome.com\/index.php\/wp-json\/wp\/v2\/media?parent=70142"}],"wp:term":[{"taxonomy":"product_brand","embeddable":true,"href":"https:\/\/urboowhome.com\/index.php\/wp-json\/wp\/v2\/product_brand?post=70142"},{"taxonomy":"product_cat","embeddable":true,"href":"https:\/\/urboowhome.com\/index.php\/wp-json\/wp\/v2\/product_cat?post=70142"},{"taxonomy":"product_tag","embeddable":true,"href":"https:\/\/urboowhome.com\/index.php\/wp-json\/wp\/v2\/product_tag?post=70142"}],"curies":[{"name":"wp","href":"https:\/\/api.w.org\/{rel}","templated":true}]}}