{"id":70156,"date":"2026-04-14T14:08:09","date_gmt":"2026-04-14T14:08:09","guid":{"rendered":"https:\/\/urboowhome.com\/index.php\/produto\/louella-floor-lamp-black\/"},"modified":"2026-04-14T14:53:45","modified_gmt":"2026-04-14T14:53:45","slug":"louella-floor-lamp-black","status":"publish","type":"product","link":"https:\/\/urboowhome.com\/index.php\/produto\/louella-floor-lamp-black\/","title":{"rendered":"Louella | Floor lamp | Black"},"content":{"rendered":"","protected":false},"excerpt":{"rendered":"<p>Louella destaca-se pelo seu formato robusto e moderno, e pela superf\u00edcie acetinada que transmite eleg\u00e2ncia e modernidade. O cabe\u00e7ote ajust\u00e1vel permite direcionar a luz exatamente para onde voc\u00ea precisa \u2013 ideal para leitura ou para criar uma ilumina\u00e7\u00e3o funcional e focada em sua casa.<\/p>\n","protected":false},"featured_media":70155,"comment_status":"open","ping_status":"closed","template":"","meta":[],"product_brand":[],"product_cat":[129,242,245],"product_tag":[],"class_list":{"0":"post-70156","1":"product","2":"type-product","3":"status-publish","4":"has-post-thumbnail","6":"product_cat-chao","7":"product_cat-interior","8":"product_cat-novidades","11":"first","12":"instock","13":"shipping-taxable","14":"purchasable","15":"product-type-simple"},"_links":{"self":[{"href":"https:\/\/urboowhome.com\/index.php\/wp-json\/wp\/v2\/product\/70156","targetHints":{"allow":["GET"]}}],"collection":[{"href":"https:\/\/urboowhome.com\/index.php\/wp-json\/wp\/v2\/product"}],"about":[{"href":"https:\/\/urboowhome.com\/index.php\/wp-json\/wp\/v2\/types\/product"}],"replies":[{"embeddable":true,"href":"https:\/\/urboowhome.com\/index.php\/wp-json\/wp\/v2\/comments?post=70156"}],"wp:featuredmedia":[{"embeddable":true,"href":"https:\/\/urboowhome.com\/index.php\/wp-json\/wp\/v2\/media\/70155"}],"wp:attachment":[{"href":"https:\/\/urboowhome.com\/index.php\/wp-json\/wp\/v2\/media?parent=70156"}],"wp:term":[{"taxonomy":"product_brand","embeddable":true,"href":"https:\/\/urboowhome.com\/index.php\/wp-json\/wp\/v2\/product_brand?post=70156"},{"taxonomy":"product_cat","embeddable":true,"href":"https:\/\/urboowhome.com\/index.php\/wp-json\/wp\/v2\/product_cat?post=70156"},{"taxonomy":"product_tag","embeddable":true,"href":"https:\/\/urboowhome.com\/index.php\/wp-json\/wp\/v2\/product_tag?post=70156"}],"curies":[{"name":"wp","href":"https:\/\/api.w.org\/{rel}","templated":true}]}}