{"id":70163,"date":"2026-04-14T14:08:39","date_gmt":"2026-04-14T14:08:39","guid":{"rendered":"https:\/\/urboowhome.com\/index.php\/produto\/belloy-50-lamp-shade-white\/"},"modified":"2026-04-14T14:54:43","modified_gmt":"2026-04-14T14:54:43","slug":"belloy-50-lamp-shade-white","status":"publish","type":"product","link":"https:\/\/urboowhome.com\/index.php\/produto\/belloy-50-lamp-shade-white\/","title":{"rendered":"Belloy 50 | Lamp shade | White"},"content":{"rendered":"","protected":false},"excerpt":{"rendered":"<p>Belloy apresenta um design plissado cl\u00e1ssico com um toque moderno. A c\u00fapula cria uma luz suave e difusa que adiciona aconchego e charme ao ambiente. Pendure Belloy individualmente ou agrupe v\u00e1rias para uma composi\u00e7\u00e3o \u00fanica e elegante.<\/p>\n","protected":false},"featured_media":70162,"comment_status":"open","ping_status":"closed","template":"","meta":[],"product_brand":[],"product_cat":[242,245,115],"product_tag":[],"class_list":{"0":"post-70163","1":"product","2":"type-product","3":"status-publish","4":"has-post-thumbnail","6":"product_cat-interior","7":"product_cat-novidades","8":"product_cat-pendentes","11":"first","12":"instock","13":"shipping-taxable","14":"purchasable","15":"product-type-simple"},"_links":{"self":[{"href":"https:\/\/urboowhome.com\/index.php\/wp-json\/wp\/v2\/product\/70163","targetHints":{"allow":["GET"]}}],"collection":[{"href":"https:\/\/urboowhome.com\/index.php\/wp-json\/wp\/v2\/product"}],"about":[{"href":"https:\/\/urboowhome.com\/index.php\/wp-json\/wp\/v2\/types\/product"}],"replies":[{"embeddable":true,"href":"https:\/\/urboowhome.com\/index.php\/wp-json\/wp\/v2\/comments?post=70163"}],"wp:featuredmedia":[{"embeddable":true,"href":"https:\/\/urboowhome.com\/index.php\/wp-json\/wp\/v2\/media\/70162"}],"wp:attachment":[{"href":"https:\/\/urboowhome.com\/index.php\/wp-json\/wp\/v2\/media?parent=70163"}],"wp:term":[{"taxonomy":"product_brand","embeddable":true,"href":"https:\/\/urboowhome.com\/index.php\/wp-json\/wp\/v2\/product_brand?post=70163"},{"taxonomy":"product_cat","embeddable":true,"href":"https:\/\/urboowhome.com\/index.php\/wp-json\/wp\/v2\/product_cat?post=70163"},{"taxonomy":"product_tag","embeddable":true,"href":"https:\/\/urboowhome.com\/index.php\/wp-json\/wp\/v2\/product_tag?post=70163"}],"curies":[{"name":"wp","href":"https:\/\/api.w.org\/{rel}","templated":true}]}}