{"id":70170,"date":"2026-04-14T14:09:06","date_gmt":"2026-04-14T14:09:06","guid":{"rendered":"https:\/\/urboowhome.com\/index.php\/produto\/belloy-big-65-lamp-shade-white\/"},"modified":"2026-04-14T14:55:07","modified_gmt":"2026-04-14T14:55:07","slug":"belloy-big-65-lamp-shade-white","status":"publish","type":"product","link":"https:\/\/urboowhome.com\/index.php\/produto\/belloy-big-65-lamp-shade-white\/","title":{"rendered":"Belloy Big 65 | Lamp shade | White"},"content":{"rendered":"","protected":false},"excerpt":{"rendered":"<p>Belloy \u00e9 um pendente de inspira\u00e7\u00e3o retr\u00f4 com uma c\u00fapula plissada que lhe confere uma express\u00e3o gr\u00e1fica e marcante. O seu tamanho generoso atrai naturalmente o olhar, criando um ponto focal visual impressionante. Proporciona uma luz suave e difusa com um brilho quente.<\/p>\n","protected":false},"featured_media":70169,"comment_status":"open","ping_status":"closed","template":"","meta":[],"product_brand":[],"product_cat":[242,245,128],"product_tag":[],"class_list":{"0":"post-70170","1":"product","2":"type-product","3":"status-publish","4":"has-post-thumbnail","6":"product_cat-interior","7":"product_cat-novidades","8":"product_cat-secretaria","11":"first","12":"instock","13":"shipping-taxable","14":"purchasable","15":"product-type-simple"},"_links":{"self":[{"href":"https:\/\/urboowhome.com\/index.php\/wp-json\/wp\/v2\/product\/70170","targetHints":{"allow":["GET"]}}],"collection":[{"href":"https:\/\/urboowhome.com\/index.php\/wp-json\/wp\/v2\/product"}],"about":[{"href":"https:\/\/urboowhome.com\/index.php\/wp-json\/wp\/v2\/types\/product"}],"replies":[{"embeddable":true,"href":"https:\/\/urboowhome.com\/index.php\/wp-json\/wp\/v2\/comments?post=70170"}],"wp:featuredmedia":[{"embeddable":true,"href":"https:\/\/urboowhome.com\/index.php\/wp-json\/wp\/v2\/media\/70169"}],"wp:attachment":[{"href":"https:\/\/urboowhome.com\/index.php\/wp-json\/wp\/v2\/media?parent=70170"}],"wp:term":[{"taxonomy":"product_brand","embeddable":true,"href":"https:\/\/urboowhome.com\/index.php\/wp-json\/wp\/v2\/product_brand?post=70170"},{"taxonomy":"product_cat","embeddable":true,"href":"https:\/\/urboowhome.com\/index.php\/wp-json\/wp\/v2\/product_cat?post=70170"},{"taxonomy":"product_tag","embeddable":true,"href":"https:\/\/urboowhome.com\/index.php\/wp-json\/wp\/v2\/product_tag?post=70170"}],"curies":[{"name":"wp","href":"https:\/\/api.w.org\/{rel}","templated":true}]}}