{"id":70258,"date":"2026-04-14T14:14:33","date_gmt":"2026-04-14T14:14:33","guid":{"rendered":"https:\/\/urboowhome.com\/index.php\/produto\/explore-long-wall-light-white\/"},"modified":"2026-04-14T15:00:24","modified_gmt":"2026-04-14T15:00:24","slug":"explore-long-wall-light-white","status":"publish","type":"product","link":"https:\/\/urboowhome.com\/index.php\/produto\/explore-long-wall-light-white\/","title":{"rendered":"Explore Long | Wall light | White"},"content":{"rendered":"","protected":false},"excerpt":{"rendered":"<p>O Explore \u00e9 um candeeiro elegante com um design simples. O bra\u00e7o fino e girat\u00f3rio permite direcionar a luz de um lado para o outro, enquanto a cabe\u00e7a da l\u00e2mpada ajust\u00e1vel permite focar a luz exatamente onde voc\u00ea precisa \u2013 perfeita para ler ou trabalhar.<\/p>\n","protected":false},"featured_media":70257,"comment_status":"open","ping_status":"closed","template":"","meta":[],"product_brand":[],"product_cat":[242,245,119],"product_tag":[],"class_list":{"0":"post-70258","1":"product","2":"type-product","3":"status-publish","4":"has-post-thumbnail","6":"product_cat-interior","7":"product_cat-novidades","8":"product_cat-parede","11":"first","12":"instock","13":"shipping-taxable","14":"purchasable","15":"product-type-simple"},"_links":{"self":[{"href":"https:\/\/urboowhome.com\/index.php\/wp-json\/wp\/v2\/product\/70258","targetHints":{"allow":["GET"]}}],"collection":[{"href":"https:\/\/urboowhome.com\/index.php\/wp-json\/wp\/v2\/product"}],"about":[{"href":"https:\/\/urboowhome.com\/index.php\/wp-json\/wp\/v2\/types\/product"}],"replies":[{"embeddable":true,"href":"https:\/\/urboowhome.com\/index.php\/wp-json\/wp\/v2\/comments?post=70258"}],"wp:featuredmedia":[{"embeddable":true,"href":"https:\/\/urboowhome.com\/index.php\/wp-json\/wp\/v2\/media\/70257"}],"wp:attachment":[{"href":"https:\/\/urboowhome.com\/index.php\/wp-json\/wp\/v2\/media?parent=70258"}],"wp:term":[{"taxonomy":"product_brand","embeddable":true,"href":"https:\/\/urboowhome.com\/index.php\/wp-json\/wp\/v2\/product_brand?post=70258"},{"taxonomy":"product_cat","embeddable":true,"href":"https:\/\/urboowhome.com\/index.php\/wp-json\/wp\/v2\/product_cat?post=70258"},{"taxonomy":"product_tag","embeddable":true,"href":"https:\/\/urboowhome.com\/index.php\/wp-json\/wp\/v2\/product_tag?post=70258"}],"curies":[{"name":"wp","href":"https:\/\/api.w.org\/{rel}","templated":true}]}}