{"id":70272,"date":"2026-04-14T14:15:24","date_gmt":"2026-04-14T14:15:24","guid":{"rendered":"https:\/\/urboowhome.com\/index.php\/produto\/omari-round-wall-light-white\/"},"modified":"2026-04-14T15:01:19","modified_gmt":"2026-04-14T15:01:19","slug":"omari-round-wall-light-white","status":"publish","type":"product","link":"https:\/\/urboowhome.com\/index.php\/produto\/omari-round-wall-light-white\/","title":{"rendered":"Omari Round | Wall light | White"},"content":{"rendered":"","protected":false},"excerpt":{"rendered":"<p>Omari \u00e9 uma s\u00e9rie de spots com foco na luz e em linhas n\u00f3rdicas simples e elegantes. Este aplique de parede minimalista e moderno \u00e9 perfeito ao lado da cama, proporcionando ilumina\u00e7\u00e3o funcional para leitura ou trabalho.<\/p>\n","protected":false},"featured_media":70271,"comment_status":"open","ping_status":"closed","template":"","meta":[],"product_brand":[],"product_cat":[242,245,119],"product_tag":[],"class_list":{"0":"post-70272","1":"product","2":"type-product","3":"status-publish","4":"has-post-thumbnail","6":"product_cat-interior","7":"product_cat-novidades","8":"product_cat-parede","11":"first","12":"instock","13":"shipping-taxable","14":"purchasable","15":"product-type-simple"},"_links":{"self":[{"href":"https:\/\/urboowhome.com\/index.php\/wp-json\/wp\/v2\/product\/70272","targetHints":{"allow":["GET"]}}],"collection":[{"href":"https:\/\/urboowhome.com\/index.php\/wp-json\/wp\/v2\/product"}],"about":[{"href":"https:\/\/urboowhome.com\/index.php\/wp-json\/wp\/v2\/types\/product"}],"replies":[{"embeddable":true,"href":"https:\/\/urboowhome.com\/index.php\/wp-json\/wp\/v2\/comments?post=70272"}],"wp:featuredmedia":[{"embeddable":true,"href":"https:\/\/urboowhome.com\/index.php\/wp-json\/wp\/v2\/media\/70271"}],"wp:attachment":[{"href":"https:\/\/urboowhome.com\/index.php\/wp-json\/wp\/v2\/media?parent=70272"}],"wp:term":[{"taxonomy":"product_brand","embeddable":true,"href":"https:\/\/urboowhome.com\/index.php\/wp-json\/wp\/v2\/product_brand?post=70272"},{"taxonomy":"product_cat","embeddable":true,"href":"https:\/\/urboowhome.com\/index.php\/wp-json\/wp\/v2\/product_cat?post=70272"},{"taxonomy":"product_tag","embeddable":true,"href":"https:\/\/urboowhome.com\/index.php\/wp-json\/wp\/v2\/product_tag?post=70272"}],"curies":[{"name":"wp","href":"https:\/\/api.w.org\/{rel}","templated":true}]}}