{"id":70317,"date":"2026-04-14T14:17:58","date_gmt":"2026-04-14T14:17:58","guid":{"rendered":"https:\/\/urboowhome.com\/index.php\/produto\/kelvis-3-spot-ceiling-light-black\/"},"modified":"2026-04-14T15:04:59","modified_gmt":"2026-04-14T15:04:59","slug":"kelvis-3-spot-ceiling-light-black","status":"publish","type":"product","link":"https:\/\/urboowhome.com\/index.php\/produto\/kelvis-3-spot-ceiling-light-black\/","title":{"rendered":"Kelvis 3-Spot | Ceiling light | Black"},"content":{"rendered":"","protected":false},"excerpt":{"rendered":"<p>A linha Kelvis apresenta um design limpo e minimalista com tr\u00eas c\u00fapulas em formato de cone que criam um visual refinado e gr\u00e1fico. Cada c\u00fapula pode ser inclinada e girada para direcionar a luz onde voc\u00ea precisar \u2013 perfeita para destacar \u00e1reas espec\u00edficas ou criar uma ilumina\u00e7\u00e3o funcional em todo o ambiente.<\/p>\n","protected":false},"featured_media":70316,"comment_status":"open","ping_status":"closed","template":"","meta":[],"product_brand":[],"product_cat":[242,245,138],"product_tag":[],"class_list":{"0":"post-70317","1":"product","2":"type-product","3":"status-publish","4":"has-post-thumbnail","6":"product_cat-interior","7":"product_cat-novidades","8":"product_cat-teto","11":"first","12":"instock","13":"shipping-taxable","14":"purchasable","15":"product-type-simple"},"_links":{"self":[{"href":"https:\/\/urboowhome.com\/index.php\/wp-json\/wp\/v2\/product\/70317","targetHints":{"allow":["GET"]}}],"collection":[{"href":"https:\/\/urboowhome.com\/index.php\/wp-json\/wp\/v2\/product"}],"about":[{"href":"https:\/\/urboowhome.com\/index.php\/wp-json\/wp\/v2\/types\/product"}],"replies":[{"embeddable":true,"href":"https:\/\/urboowhome.com\/index.php\/wp-json\/wp\/v2\/comments?post=70317"}],"wp:featuredmedia":[{"embeddable":true,"href":"https:\/\/urboowhome.com\/index.php\/wp-json\/wp\/v2\/media\/70316"}],"wp:attachment":[{"href":"https:\/\/urboowhome.com\/index.php\/wp-json\/wp\/v2\/media?parent=70317"}],"wp:term":[{"taxonomy":"product_brand","embeddable":true,"href":"https:\/\/urboowhome.com\/index.php\/wp-json\/wp\/v2\/product_brand?post=70317"},{"taxonomy":"product_cat","embeddable":true,"href":"https:\/\/urboowhome.com\/index.php\/wp-json\/wp\/v2\/product_cat?post=70317"},{"taxonomy":"product_tag","embeddable":true,"href":"https:\/\/urboowhome.com\/index.php\/wp-json\/wp\/v2\/product_tag?post=70317"}],"curies":[{"name":"wp","href":"https:\/\/api.w.org\/{rel}","templated":true}]}}